{"id":4386,"date":"2023-02-10T15:00:07","date_gmt":"2023-02-10T15:00:07","guid":{"rendered":"https:\/\/doctormarcosales.com\/especialidades\/obstruccion-en-adultos\/"},"modified":"2024-02-26T10:35:21","modified_gmt":"2024-02-26T10:35:21","slug":"lobstruction-chez-les-adultes","status":"publish","type":"page","link":"https:\/\/doctormarcosales.com\/fr\/specialites\/lobstruction-chez-les-adultes\/","title":{"rendered":"L&rsquo;OBSTRUCTION CHEZ LES ADULTES"},"content":{"rendered":"<div class=\"wpb-content-wrapper\"><p>[vc_row full_width=\u00a0\u00bbstretch_row\u00a0\u00bb equal_height=\u00a0\u00bbyes\u00a0\u00bb][vc_column offset=\u00a0\u00bbvc_col-lg-6 vc_col-md-6&Prime;][vc_column_text]<strong>L&rsquo;obstruction du canal lacrymo-nasal<\/strong> (commun\u00e9ment appel\u00e9 \u00ab\u00a0Rija\u00a0\u00bb) est une cause tr\u00e8s fr\u00e9quente de larmoiement. Outre le larmoiement, elle entra\u00eene souvent des conjonctivites r\u00e9currentes, car le sac lacrymal sert de r\u00e9servoir aux bact\u00e9ries. Parfois, le sac lacrimal peut se dilater et produire une grosseur sur le canthus interne qui, si elle est infect\u00e9e, provoque beaucoup de douleur et des signes d&rsquo;infection dans la r\u00e9gion.<\/p>\n<p>Le traitement de l&rsquo;obstruction du canal lacrymo-nasal chez l&rsquo;adulte <strong>est toujours une intervention chirurgicale<\/strong>. Aucun traitement m\u00e9dical ne permet de gu\u00e9rir l&rsquo;obstruction. L&rsquo;objectif de la chirurgie n&rsquo;est pas de drainer \u00e0 nouveau le canal obstru\u00e9, mais de cr\u00e9er une nouvelle voie de drainage du sac lacrymal vers le nez. Cette intervention chirurgicale est appel\u00e9e dacryocystorhinostomie (DCR). La dacryocystorhinostomie \u00e9limine \u00e0 la fois le larmoiement et la conjonctivite r\u00e9currente.<\/p>\n<p>Il existe<strong> trois fa\u00e7ons de r\u00e9aliser une dacryocystorhinostomie : laser externe, endonasal ou transcanaliculaire.<\/strong>[\/vc_column_text][vc_tta_accordion shape=\u00a0\u00bbsquare\u00a0\u00bb c_position=\u00a0\u00bbright\u00a0\u00bb active_section=\u00a0\u00bb1&Prime; no_fill=\u00a0\u00bbtrue\u00a0\u00bb collapsible_all=\u00a0\u00bbtrue\u00a0\u00bb][vc_tta_section title=\u00a0\u00bbDCR EXTERNE\u00a0\u00bb tab_id=\u00a0\u00bb1668689690300-f3ba20b3-d409&Prime;][vc_column_text]Cette op\u00e9ration est consid\u00e9r\u00e9e comme<strong> l&rsquo;op\u00e9ration de r\u00e9f\u00e9rence<\/strong>. Elle est r\u00e9alis\u00e9e par une petite incision dans la peau entre le nez et l&rsquo;\u0153il, g\u00e9n\u00e9ralement plus ou moins \u00e0 l&rsquo;endroit o\u00f9 reposent les lunettes. C&rsquo;est celle qui offre le meilleur taux de r\u00e9sultats, entre 90 et 95%. Cela signifie que seulement 5 \u00e0 10 % des patients verront la communication r\u00e9alis\u00e9e se refermer. C&rsquo;est la forme la plus polyvalente et celle qui permet le mieux de contr\u00f4ler tout \u00e9v\u00e9nement impr\u00e9vu pouvant survenir pendant l&rsquo;op\u00e9ration. Elle est r\u00e9alis\u00e9e sous anesth\u00e9sie locale et s\u00e9dation intraveineuse afin que le patient soit \u00e0 l&rsquo;aise, et elle est r\u00e9alis\u00e9e enambulatoire, c&rsquo;est-\u00e0-dire qu&rsquo;elle ne n\u00e9cessite pas d&rsquo;hospitalisation. L&rsquo;intervention et la p\u00e9riode postop\u00e9ratoire sont indolores et le r\u00e9tablissement est rapide. Le patient peut reprendre une vie normale en quelques jours. Le seul inconv\u00e9nient de la DCR externe est qu&rsquo;il existe un faible risque de cicatrices visibles. Toutefois, si certaines pr\u00e9cautions sont prises au moment de l&rsquo;incision et pendant l&rsquo;op\u00e9ration, moins de 3 % des patients ont une cicatrice qu&rsquo;ils jugent d\u00e9favorable sur le plan esth\u00e9tique. Dans ce cas, une petite intervention chirurgicale peut \u00eatre pratiqu\u00e9e sur la cicatrice pour l&rsquo;am\u00e9liorer.[\/vc_column_text][\/vc_tta_section][vc_tta_section title=\u00a0\u00bbDCR ENDONASAL\u00a0\u00bb tab_id=\u00a0\u00bb1675851460013-511a3805-d8bf\u00a0\u00bb][vc_column_text]Au lieu de faire une incision dans la peau, elle est pratiqu\u00e9e par le nez, \u00e0 l&rsquo;aide d&rsquo;un endoscope, et son principal avantage est qu&rsquo;elle ne laisse pas de cicatrice visible. Son principal avantage est qu&rsquo;il n&rsquo;y a pas de cicatrice visible. Son taux de r\u00e9ussite est l\u00e9g\u00e8rement inf\u00e9rieur \u00e0 celui de la chirurgie externe, et elle est donc un peu moins efficace. En outre, dans de nombreux cas, elle doit \u00eatre r\u00e9alis\u00e9e sous anesth\u00e9sie g\u00e9n\u00e9rale, car il est difficile d&rsquo;anesth\u00e9sier compl\u00e8tement le nez pour pouvoir travailler \u00e0 travers lui sans douleur pour le patient.[\/vc_column_text][\/vc_tta_section][vc_tta_section title=\u00a0\u00bbLASER TRANSCANALICULAIRE DCR\u00a0\u00bb tab_id=\u00a0\u00bb1675851474377-2d65c315-c08f\u00a0\u00bb][vc_column_text]Il utilise une sonde laser tr\u00e8s fine \u00e0 travers le canal lacrymal lui-m\u00eame, c&rsquo;est donc le moins agressif de tous. Son avantage est qu&rsquo;elle peut \u00eatre pratiqu\u00e9e chez des patients pr\u00e9sentant des probl\u00e8mes de coagulation ou prenant des anticoagulants comme le sintrom. Son plus gros inconv\u00e9nient est que son taux de r\u00e9ussite est tr\u00e8s faible, avec un pourcentage d\u2019\u00e9checs tr\u00e8s \u00e9lev\u00e9, nous ne le recommandons donc que dans des cas tr\u00e8s exceptionnels.[\/vc_column_text][\/vc_tta_section][\/vc_tta_accordion][vc_column_text css=\u00a0\u00bb.vc_custom_1708446676582{margin-top: 20px !important;}\u00a0\u00bb]Le Dr Marco Sales recommande g\u00e9n\u00e9ralement la dacryocystorhinostomie externe comme premi\u00e8re option, car elle pr\u00e9sente le taux de r\u00e9ussite le plus \u00e9lev\u00e9, peut \u00eatre r\u00e9alis\u00e9e sous anesth\u00e9sie locale et sans hospitalisation, et la probabilit\u00e9 d&rsquo;une cicatrice d\u00e9favorable est tr\u00e8s faible.[\/vc_column_text][\/vc_column][vc_column offset=\u00a0\u00bbvc_col-lg-6 vc_col-md-6&Prime; css=\u00a0\u00bb.vc_custom_1634645121029{padding-bottom: 60px !important;}\u00a0\u00bb][vc_single_image image=\u00a0\u00bb2363&Prime; img_size=\u00a0\u00bbfull\u00a0\u00bb alignment=\u00a0\u00bbcenter\u00a0\u00bb][vc_single_image image=\u00a0\u00bb2359&Prime; img_size=\u00a0\u00bbfull\u00a0\u00bb alignment=\u00a0\u00bbcenter\u00a0\u00bb][\/vc_column][\/vc_row][vc_row full_width=\u00a0\u00bbstretch_row\u00a0\u00bb gap=\u00a0\u00bb35&Prime; css=\u00a0\u00bb.vc_custom_1677601023380{margin-top: 40px !important;margin-bottom: -80px !important;padding-top: 40px !important;padding-bottom: 40px !important;background-color: #ebe7e4 !important;}\u00a0\u00bb][vc_column]<div id=\"ultimate-heading-715269d39b9d68854\" class=\"uvc-heading ult-adjust-bottom-margin ultimate-heading-715269d39b9d68854 uvc-5283 accent-border-color\" data-hspacer=\"no_spacer\"  data-halign=\"center\" style=\"text-align:center\"><div class=\"uvc-heading-spacer no_spacer\" style=\"top\"><\/div><div class=\"uvc-main-heading ult-responsive\"  data-ultimate-target='.uvc-heading.ultimate-heading-715269d39b9d68854 h2'  data-responsive-json-new='{\"font-size\":\"desktop:38px;\",\"line-height\":\"desktop:48px;\"}' ><h2 style=\"--font-weight:theme;margin-bottom:10px;\">CONTACTEZ-NOUS<\/h2><\/div><\/div>[\/vc_column][vc_column width=\u00a0\u00bb1\/2&Prime;][vc_column_text]<iframe loading=\"lazy\" style=\"border: 0;\" src=\"https:\/\/www.google.com\/maps\/embed?pb=!1m18!1m12!1m3!1d3034.5391623156524!2d-3.7207495840544698!3d40.4854590793572!2m3!1f0!2f0!3f0!3m2!1i1024!2i768!4f13.1!3m3!1m2!1s0xd42298ddaac29b9%3A0xfca42f46f41ac8c9!2sC.%20del%20Valle%20de%20Pinares%20Llanos%2C%203%2C%2028035%20Madrid!5e0!3m2!1ses!2ses!4v1675767263645!5m2!1ses!2ses\" width=\"600\" height=\"450\" allowfullscreen=\"allowfullscreen\"><\/iframe>[\/vc_column_text][vc_column_text]<strong>IMO Grupo Miranza Madrid<\/strong><\/p>\n<p>C\/ del Valle Pinares Llanos, 3, 28305 Madrid<\/p>\n<p>910 783 783[\/vc_column_text][\/vc_column][vc_column width=\u00a0\u00bb1\/2&Prime; css=\u00a0\u00bb.vc_custom_1677598913734{padding-right: 50px !important;padding-left: 50px !important;}\u00a0\u00bb]\n<div class=\"wpcf7 no-js\" id=\"wpcf7-f5297-o1\" lang=\"es-ES\" dir=\"ltr\" data-wpcf7-id=\"5297\">\n<div class=\"screen-reader-response\"><p role=\"status\" aria-live=\"polite\" aria-atomic=\"true\"><\/p> <ul><\/ul><\/div>\n<form action=\"\/fr\/wp-json\/wp\/v2\/pages\/4386#wpcf7-f5297-o1\" method=\"post\" class=\"wpcf7-form init\" aria-label=\"Formulario de contacto\" novalidate=\"novalidate\" data-status=\"init\">\n<fieldset class=\"hidden-fields-container\"><input type=\"hidden\" name=\"_wpcf7\" value=\"5297\" \/><input type=\"hidden\" name=\"_wpcf7_version\" value=\"6.1.5\" \/><input type=\"hidden\" name=\"_wpcf7_locale\" value=\"es_ES\" \/><input type=\"hidden\" name=\"_wpcf7_unit_tag\" value=\"wpcf7-f5297-o1\" \/><input type=\"hidden\" name=\"_wpcf7_container_post\" value=\"0\" \/><input type=\"hidden\" name=\"_wpcf7_posted_data_hash\" value=\"\" \/>\n<\/fieldset>\n<h2 style=\"text-align: center;\", font-weight: bold;>PRENDRE RENDEZ-VOUS\n<\/h2>\n<p><span class=\"wpcf7-form-control-wrap\" data-name=\"your-name\"><input size=\"40\" maxlength=\"400\" class=\"wpcf7-form-control wpcf7-text wpcf7-validates-as-required\" aria-required=\"true\" aria-invalid=\"false\" placeholder=\"Pr\u00e9nom et nom*\" value=\"\" type=\"text\" name=\"your-name\" \/><\/span><br \/>\n<span class=\"wpcf7-form-control-wrap\" data-name=\"your-email\"><input size=\"40\" maxlength=\"400\" class=\"wpcf7-form-control wpcf7-email wpcf7-validates-as-required wpcf7-text wpcf7-validates-as-email\" aria-required=\"true\" aria-invalid=\"false\" placeholder=\"E-mail*\" value=\"\" type=\"email\" name=\"your-email\" \/><\/span><br \/>\n<span class=\"wpcf7-form-control-wrap\" data-name=\"your-subject\"><input size=\"40\" maxlength=\"400\" class=\"wpcf7-form-control wpcf7-text wpcf7-validates-as-required\" aria-required=\"true\" aria-invalid=\"false\" placeholder=\"T\u00e9l\u00e9phone*\" value=\"\" type=\"text\" name=\"your-subject\" \/><\/span><br \/>\n<span class=\"wpcf7-form-control-wrap\" data-name=\"your-message\"><textarea cols=\"40\" rows=\"3\" maxlength=\"2000\" class=\"wpcf7-form-control wpcf7-textarea wpcf7-validates-as-required\" aria-required=\"true\" aria-invalid=\"false\" placeholder=\"Raison du rendez-vous\" name=\"your-message\"><\/textarea><\/span>\n<\/p>\n<p><span class=\"wpcf7-form-control-wrap\" data-name=\"acceptance-19\"><span class=\"wpcf7-form-control wpcf7-acceptance\"><span class=\"wpcf7-list-item\"><label><input type=\"checkbox\" name=\"acceptance-19\" value=\"1\" aria-invalid=\"false\" \/><span class=\"wpcf7-list-item-label\">Je consens le traitement de mes donn\u00e9es par le Dr. Marco Sales dans le but de g\u00e9rer ma\ndemande de rendez-vous. <br>Plus d'informations dans notre  <a href=\"\/politica-de-privacidad\/\" target=\"_blank\" text-style: bold\">politique de confidentialit\u00e9<\/a><\/span><\/label><\/span><\/span><\/span>\n<\/p>\n<p><span class=\"wpcf7-form-control-wrap\" data-name=\"checkbox-453\"><span class=\"wpcf7-form-control wpcf7-checkbox\"><span class=\"wpcf7-list-item first last\"><input type=\"checkbox\" name=\"checkbox-453[]\" value=\"Je souhaite recevoir des informations sur les nouveaut\u00e9s et les promotions de Dr. Marco\nSales.\" \/><span class=\"wpcf7-list-item-label\">Je souhaite recevoir des informations sur les nouveaut\u00e9s et les promotions de Dr. Marco\nSales.<\/span><\/span><\/span><\/span>\n<\/p>\n<div align=\"center\">\n\t<p><input class=\"wpcf7-form-control wpcf7-submit has-spinner\" type=\"submit\" value=\"DEMANDER PLUS D&#039;INFORMATIONS\" \/>\n\t<\/p>\n<\/div>\n<p><script>\ndocument.addEventListener( 'wpcf7mailsent', function( event ) {\n location = '\/gracias-por-el-mensaje\/';\n}, false );\n<\/script>\n<\/p><p style=\"display: none !important;\" class=\"akismet-fields-container\" data-prefix=\"_wpcf7_ak_\"><label>&#916;<textarea name=\"_wpcf7_ak_hp_textarea\" cols=\"45\" rows=\"8\" maxlength=\"100\"><\/textarea><\/label><input type=\"hidden\" id=\"ak_js_1\" name=\"_wpcf7_ak_js\" value=\"65\"\/><script>document.getElementById( \"ak_js_1\" ).setAttribute( \"value\", ( new Date() ).getTime() );<\/script><\/p><div class=\"wpcf7-response-output\" aria-hidden=\"true\"><\/div>\n<\/form>\n<\/div>\n[\/vc_column][\/vc_row]<\/p>\n<\/div>","protected":false},"excerpt":{"rendered":"<p>[vc_row full_width=\u00a0\u00bbstretch_row\u00a0\u00bb equal_height=\u00a0\u00bbyes\u00a0\u00bb][vc_column offset=\u00a0\u00bbvc_col-lg-6 vc_col-md-6&Prime;][vc_column_text]L&rsquo;obstruction du canal lacrymo-nasal (commun\u00e9ment appel\u00e9 \u00ab\u00a0Rija\u00a0\u00bb) est une cause tr\u00e8s fr\u00e9quente de larmoiement. Outre le larmoiement, elle entra\u00eene souvent des conjonctivites r\u00e9currentes, car le sac lacrymal sert de r\u00e9servoir aux bact\u00e9ries. Parfois, le sac lacrimal peut se dilater et produire une grosseur sur le canthus interne qui, si elle est&hellip;<\/p>\n","protected":false},"author":1,"featured_media":0,"parent":4330,"menu_order":0,"comment_status":"closed","ping_status":"closed","template":"","meta":{"footnotes":""},"class_list":["post-4386","page","type-page","status-publish","hentry","description-off"],"yoast_head":"<!-- This site is optimized with the Yoast SEO plugin v26.9 - https:\/\/yoast.com\/product\/yoast-seo-wordpress\/ -->\n<title>L&#039;OBSTRUCTION CHEZ LES ADULTES - Dr. Marco Sales<\/title>\n<meta name=\"description\" content=\"La obstrucci\u00f3n en adultos es la obstrucci\u00f3n de las v\u00edas lagrimales, causando s\u00edntomas como lagrimeo constante que necesita tratamiento.\" \/>\n<meta name=\"robots\" content=\"index, follow, max-snippet:-1, max-image-preview:large, max-video-preview:-1\" \/>\n<link rel=\"canonical\" href=\"https:\/\/doctormarcosales.com\/fr\/specialites\/lobstruction-chez-les-adultes\/\" \/>\n<meta property=\"og:locale\" content=\"fr_FR\" \/>\n<meta property=\"og:type\" content=\"article\" \/>\n<meta property=\"og:title\" content=\"L&#039;OBSTRUCTION CHEZ LES ADULTES - Dr. Marco Sales\" \/>\n<meta property=\"og:description\" content=\"La obstrucci\u00f3n en adultos es la obstrucci\u00f3n de las v\u00edas lagrimales, causando s\u00edntomas como lagrimeo constante que necesita tratamiento.\" \/>\n<meta property=\"og:url\" content=\"https:\/\/doctormarcosales.com\/fr\/specialites\/lobstruction-chez-les-adultes\/\" \/>\n<meta property=\"og:site_name\" content=\"Dr. Marco Sales\" \/>\n<meta property=\"article:modified_time\" content=\"2024-02-26T10:35:21+00:00\" \/>\n<meta name=\"twitter:card\" content=\"summary_large_image\" \/>\n<meta name=\"twitter:label1\" content=\"Dur\u00e9e de lecture estim\u00e9e\" \/>\n\t<meta name=\"twitter:data1\" content=\"3 minutes\" \/>\n<script type=\"application\/ld+json\" class=\"yoast-schema-graph\">{\"@context\":\"https:\/\/schema.org\",\"@graph\":[{\"@type\":\"WebPage\",\"@id\":\"https:\/\/doctormarcosales.com\/fr\/specialites\/lobstruction-chez-les-adultes\/\",\"url\":\"https:\/\/doctormarcosales.com\/fr\/specialites\/lobstruction-chez-les-adultes\/\",\"name\":\"L'OBSTRUCTION CHEZ LES ADULTES - Dr. Marco Sales\",\"isPartOf\":{\"@id\":\"https:\/\/doctormarcosales.com\/#website\"},\"datePublished\":\"2023-02-10T15:00:07+00:00\",\"dateModified\":\"2024-02-26T10:35:21+00:00\",\"description\":\"La obstrucci\u00f3n en adultos es la obstrucci\u00f3n de las v\u00edas lagrimales, causando s\u00edntomas como lagrimeo constante que necesita tratamiento.\",\"breadcrumb\":{\"@id\":\"https:\/\/doctormarcosales.com\/fr\/specialites\/lobstruction-chez-les-adultes\/#breadcrumb\"},\"inLanguage\":\"fr-FR\",\"potentialAction\":[{\"@type\":\"ReadAction\",\"target\":[\"https:\/\/doctormarcosales.com\/fr\/specialites\/lobstruction-chez-les-adultes\/\"]}]},{\"@type\":\"BreadcrumbList\",\"@id\":\"https:\/\/doctormarcosales.com\/fr\/specialites\/lobstruction-chez-les-adultes\/#breadcrumb\",\"itemListElement\":[{\"@type\":\"ListItem\",\"position\":1,\"name\":\"Portada\",\"item\":\"https:\/\/doctormarcosales.com\/fr\/\"},{\"@type\":\"ListItem\",\"position\":2,\"name\":\"SP\u00c9CIALIT\u00c9S\",\"item\":\"https:\/\/doctormarcosales.com\/fr\/specialites\/\"},{\"@type\":\"ListItem\",\"position\":3,\"name\":\"L&#8217;OBSTRUCTION CHEZ LES ADULTES\"}]},{\"@type\":\"WebSite\",\"@id\":\"https:\/\/doctormarcosales.com\/#website\",\"url\":\"https:\/\/doctormarcosales.com\/\",\"name\":\"Dr. Marco Sales\",\"description\":\"M\u00e9dico oftalm\u00f3logo especializado en Blefaroplastia\",\"potentialAction\":[{\"@type\":\"SearchAction\",\"target\":{\"@type\":\"EntryPoint\",\"urlTemplate\":\"https:\/\/doctormarcosales.com\/?s={search_term_string}\"},\"query-input\":{\"@type\":\"PropertyValueSpecification\",\"valueRequired\":true,\"valueName\":\"search_term_string\"}}],\"inLanguage\":\"fr-FR\"}]}<\/script>\n<!-- \/ Yoast SEO plugin. -->","yoast_head_json":{"title":"L'OBSTRUCTION CHEZ LES ADULTES - Dr. Marco Sales","description":"La obstrucci\u00f3n en adultos es la obstrucci\u00f3n de las v\u00edas lagrimales, causando s\u00edntomas como lagrimeo constante que necesita tratamiento.","robots":{"index":"index","follow":"follow","max-snippet":"max-snippet:-1","max-image-preview":"max-image-preview:large","max-video-preview":"max-video-preview:-1"},"canonical":"https:\/\/doctormarcosales.com\/fr\/specialites\/lobstruction-chez-les-adultes\/","og_locale":"fr_FR","og_type":"article","og_title":"L'OBSTRUCTION CHEZ LES ADULTES - Dr. Marco Sales","og_description":"La obstrucci\u00f3n en adultos es la obstrucci\u00f3n de las v\u00edas lagrimales, causando s\u00edntomas como lagrimeo constante que necesita tratamiento.","og_url":"https:\/\/doctormarcosales.com\/fr\/specialites\/lobstruction-chez-les-adultes\/","og_site_name":"Dr. Marco Sales","article_modified_time":"2024-02-26T10:35:21+00:00","twitter_card":"summary_large_image","twitter_misc":{"Dur\u00e9e de lecture estim\u00e9e":"3 minutes"},"schema":{"@context":"https:\/\/schema.org","@graph":[{"@type":"WebPage","@id":"https:\/\/doctormarcosales.com\/fr\/specialites\/lobstruction-chez-les-adultes\/","url":"https:\/\/doctormarcosales.com\/fr\/specialites\/lobstruction-chez-les-adultes\/","name":"L'OBSTRUCTION CHEZ LES ADULTES - Dr. Marco Sales","isPartOf":{"@id":"https:\/\/doctormarcosales.com\/#website"},"datePublished":"2023-02-10T15:00:07+00:00","dateModified":"2024-02-26T10:35:21+00:00","description":"La obstrucci\u00f3n en adultos es la obstrucci\u00f3n de las v\u00edas lagrimales, causando s\u00edntomas como lagrimeo constante que necesita tratamiento.","breadcrumb":{"@id":"https:\/\/doctormarcosales.com\/fr\/specialites\/lobstruction-chez-les-adultes\/#breadcrumb"},"inLanguage":"fr-FR","potentialAction":[{"@type":"ReadAction","target":["https:\/\/doctormarcosales.com\/fr\/specialites\/lobstruction-chez-les-adultes\/"]}]},{"@type":"BreadcrumbList","@id":"https:\/\/doctormarcosales.com\/fr\/specialites\/lobstruction-chez-les-adultes\/#breadcrumb","itemListElement":[{"@type":"ListItem","position":1,"name":"Portada","item":"https:\/\/doctormarcosales.com\/fr\/"},{"@type":"ListItem","position":2,"name":"SP\u00c9CIALIT\u00c9S","item":"https:\/\/doctormarcosales.com\/fr\/specialites\/"},{"@type":"ListItem","position":3,"name":"L&#8217;OBSTRUCTION CHEZ LES ADULTES"}]},{"@type":"WebSite","@id":"https:\/\/doctormarcosales.com\/#website","url":"https:\/\/doctormarcosales.com\/","name":"Dr. Marco Sales","description":"M\u00e9dico oftalm\u00f3logo especializado en Blefaroplastia","potentialAction":[{"@type":"SearchAction","target":{"@type":"EntryPoint","urlTemplate":"https:\/\/doctormarcosales.com\/?s={search_term_string}"},"query-input":{"@type":"PropertyValueSpecification","valueRequired":true,"valueName":"search_term_string"}}],"inLanguage":"fr-FR"}]}},"_links":{"self":[{"href":"https:\/\/doctormarcosales.com\/fr\/wp-json\/wp\/v2\/pages\/4386","targetHints":{"allow":["GET"]}}],"collection":[{"href":"https:\/\/doctormarcosales.com\/fr\/wp-json\/wp\/v2\/pages"}],"about":[{"href":"https:\/\/doctormarcosales.com\/fr\/wp-json\/wp\/v2\/types\/page"}],"author":[{"embeddable":true,"href":"https:\/\/doctormarcosales.com\/fr\/wp-json\/wp\/v2\/users\/1"}],"replies":[{"embeddable":true,"href":"https:\/\/doctormarcosales.com\/fr\/wp-json\/wp\/v2\/comments?post=4386"}],"version-history":[{"count":5,"href":"https:\/\/doctormarcosales.com\/fr\/wp-json\/wp\/v2\/pages\/4386\/revisions"}],"predecessor-version":[{"id":5361,"href":"https:\/\/doctormarcosales.com\/fr\/wp-json\/wp\/v2\/pages\/4386\/revisions\/5361"}],"up":[{"embeddable":true,"href":"https:\/\/doctormarcosales.com\/fr\/wp-json\/wp\/v2\/pages\/4330"}],"wp:attachment":[{"href":"https:\/\/doctormarcosales.com\/fr\/wp-json\/wp\/v2\/media?parent=4386"}],"curies":[{"name":"wp","href":"https:\/\/api.w.org\/{rel}","templated":true}]}}