{"id":4378,"date":"2023-02-10T14:14:38","date_gmt":"2023-02-10T14:14:38","guid":{"rendered":"https:\/\/doctormarcosales.com\/especialidades\/obstruccion-en-ninos\/"},"modified":"2024-02-26T10:35:10","modified_gmt":"2024-02-26T10:35:10","slug":"lobstruction-chez-les-enfants","status":"publish","type":"page","link":"https:\/\/doctormarcosales.com\/fr\/specialites\/lobstruction-chez-les-enfants\/","title":{"rendered":"L&rsquo;OBSTRUCTION CHEZ LES ENFANTS"},"content":{"rendered":"<div class=\"wpb-content-wrapper\"><p>[vc_row full_width=\u00a0\u00bbstretch_row\u00a0\u00bb equal_height=\u00a0\u00bbyes\u00a0\u00bb][vc_column offset=\u00a0\u00bbvc_col-lg-6 vc_col-md-6&Prime;][vc_column_text]La cause la plus fr\u00e9quente de larmoiement chez l&rsquo;enfant est l&rsquo;obstruction cong\u00e9nitale (depuis la naissance) du canal lacrymal. Elle se produit parce qu&rsquo;une petite valve situ\u00e9 \u00e0 la jonction du canal lacrymal et du nez (valve de Hasner) ne devient pas naturellement perm\u00e9able au cours du d\u00e9veloppement embryonnaire. Ce ph\u00e9nom\u00e8ne est tr\u00e8s courant. En effet, un pourcentage \u00e9lev\u00e9 d&rsquo;enfants naissent avec une valve non ouverte, qui s&rsquo;ouvre d&rsquo;elle-m\u00eame au cours des premiers mois de leur vie.[\/vc_column_text][vc_tta_accordion shape=\u00a0\u00bbsquare\u00a0\u00bb c_position=\u00a0\u00bbright\u00a0\u00bb active_section=\u00a0\u00bb1&Prime; no_fill=\u00a0\u00bbtrue\u00a0\u00bb collapsible_all=\u00a0\u00bbtrue\u00a0\u00bb][vc_tta_section title=\u00a0\u00bbQuand dois-je emmener mon enfant chez l&rsquo;ophtalmologue si son \u0153il larmoie depuis sa naissance?\u00a0\u00bb tab_id=\u00a0\u00bb1668689690300-f3ba20b3-d409&Prime;][vc_column_text]Bien qu&rsquo;il s&rsquo;agisse g\u00e9n\u00e9ralement d&rsquo;une obstruction cong\u00e9nitale du canal lacrymal, un premier examen par l&rsquo;ophtalmologiste est conseill\u00e9 pour \u00e9carter d&rsquo;autres causes possibles, beaucoup moins fr\u00e9quentes. Ce premier examen peut \u00eatre effectu\u00e9 vers l&rsquo;\u00e2ge d&rsquo;un mois.[\/vc_column_text][\/vc_tta_section][vc_tta_section title=\u00a0\u00bbSi mon b\u00e9b\u00e9 a un canal lacrymal bloqu\u00e9, est-il possible de l&rsquo;op\u00e9rer en toute s\u00e9curit\u00e9?\u00a0\u00bb tab_id=\u00a0\u00bb1675851460013-511a3805-d8bf\u00a0\u00bb][vc_column_text]Non, il est normal que l&rsquo;obstruction s&rsquo;ouvre d&rsquo;elle-m\u00eame au cours de la premi\u00e8re ann\u00e9e de vie. Pendant cette p\u00e9riode, il est recommand\u00e9 de masser le sac lacrymal pour essayer de l&rsquo;ouvrir plus rapidement. Il est important de bien le masser pour qu&rsquo;il soit efficace. Le sac lacrymal est situ\u00e9 entre les deux branches du tendon canthal m\u00e9dial, que l&rsquo;on peut sentir comme une induration sur le canthus interne. Le massage consiste \u00e0 appuyer sur le tendon canthal interne pour augmenter la pression \u00e0 l&rsquo;int\u00e9rieur du sac lacrymal et tenter de vaincre cette pression sur la membrane obstru\u00e9e. Logiquement, dans de nombreux cas, lorsque le sac est press\u00e9 et que la pression est augment\u00e9e, une partie du contenu du sac retourne en arri\u00e8re et sort par les points lacrymaux, ce qui explique que l&rsquo;on puisse parfois observer un \u00e9coulement de liquide lacrymal ou de pus par les points lacrymaux lorsque le massage est effectu\u00e9 correctement. Cela n&rsquo;indique aucun probl\u00e8me et la seule chose \u00e0 faire est de bien laver l&rsquo;\u0153il avec du s\u00e9rum physiologique \u00e0 la fin du massage.[\/vc_column_text][\/vc_tta_section][vc_tta_section title=\u00a0\u00bbDans quels cas il faut op\u00e9rer le b\u00e9b\u00e9?\u00a0\u00bb tab_id=\u00a0\u00bb1676038524551-4364ebb2-9459&Prime;][vc_column_text]Il est g\u00e9n\u00e9ralement n\u00e9cessaire d&rsquo;attendre pr\u00e8s d&rsquo;un an de vie, car pendant cette p\u00e9riode il est tr\u00e8s fr\u00e9quent qu&rsquo;elle passe d&rsquo;elle-m\u00eame sans intervention chirurgicale, aid\u00e9e par des massages. Lorsqu&rsquo;elle n&rsquo;est pas pass\u00e9e avant la premi\u00e8re ann\u00e9e de vie, une intervention chirurgicale ou un sondage est indiqu\u00e9. Le sondage est une intervention tr\u00e8s simple et non agressive qui consiste \u00e0 passer une sonde tr\u00e8s fine dans le canal lacrymal et \u00e0 perforer la membrane qui ne s&rsquo;est pas ouverte d&rsquo;elle-m\u00eame. L&rsquo;intervention est pratiquement indolore, mais \u00e9tant donn\u00e9 qu&rsquo;ils peuvent bouger et que la sonde peut ne pas passer correctement, il est toujours conseill\u00e9 de le faire avec un masque. Th\u00e9oriquement, il s&rsquo;agit d&rsquo;une anesth\u00e9sie g\u00e9n\u00e9rale, mais l&rsquo;enfant n&rsquo;est pas intub\u00e9. L&rsquo;enfant re\u00e7oit simplement un gaz anesth\u00e9siant qui l&rsquo;endort et est ventil\u00e9 manuellement pendant le passage de la sonde. Il s&rsquo;agit d&rsquo;une proc\u00e9dure tr\u00e8s s\u00fbre et tr\u00e8s rapide. Elle est pratiqu\u00e9e en ambulatoire, sans admission \u00e0 l&rsquo;h\u00f4pital et avec un r\u00e9tablissement imm\u00e9diat, ce qui permet \u00e0 l&rsquo;enfant de mener une vie normale lorsqu&rsquo;il quitte la clinique.[\/vc_column_text][\/vc_tta_section][vc_tta_section title=\u00a0\u00bbLe sondage est-il toujours efficace?\u00a0\u00bb tab_id=\u00a0\u00bb1676038573703-fd337d14-c6c2&Prime;][vc_column_text]Le cath\u00e9t\u00e9risme est efficace dans un pourcentage tr\u00e8s \u00e9lev\u00e9 de cas. L&rsquo;efficacit\u00e9 diminue progressivement \u00e0 partir de l&rsquo;\u00e2ge d&rsquo;un an et demi. Lorsque le cath\u00e9t\u00e9risme n&rsquo;est pas efficace, des interventions chirurgicales suppl\u00e9mentaires sont pratiqu\u00e9es par \u00e9tapes pour traiter l&rsquo;obstruction, telles que l&rsquo;intubation du canal lacrymal, la dilatation du canal \u00e0 l&rsquo;aide d&rsquo;une sonde \u00e0 ballonnet ou la chirurgie classique chez l&rsquo;adulte. Il est exceptionnel de devoir en arriver l\u00e0.[\/vc_column_text][\/vc_tta_section][\/vc_tta_accordion][\/vc_column][vc_column offset=\u00a0\u00bbvc_col-lg-6 vc_col-md-6&Prime; css=\u00a0\u00bb.vc_custom_1634645121029{padding-bottom: 60px !important;}\u00a0\u00bb][vc_single_image image=\u00a0\u00bb2352&Prime; img_size=\u00a0\u00bbfull\u00a0\u00bb alignment=\u00a0\u00bbcenter\u00a0\u00bb]<style type=\"text\/css\" data-type=\"the7_shortcodes-inline-css\">.carousel-shortcode.carousel-shortcode-id-908ac09cc17e79a6a0a42a9245ae2051.owl-carousel .owl-nav div {\n  width: 40px;\n  height: 40px;\n  border-radius: 500px;\n}\n.dt-arrow-border-on.carousel-shortcode.carousel-shortcode-id-908ac09cc17e79a6a0a42a9245ae2051.owl-carousel .owl-nav div:not(:hover):before {\n  border-width: 0px;\n}\n.dt-arrow-hover-border-on.carousel-shortcode.carousel-shortcode-id-908ac09cc17e79a6a0a42a9245ae2051.owl-carousel .owl-nav div:hover:after {\n  border-width: 0px;\n}\n.carousel-shortcode.carousel-shortcode-id-908ac09cc17e79a6a0a42a9245ae2051.owl-carousel .owl-nav div.owl-prev {\n  top: calc(100% + 20px);\n  left: 0px;\n}\n.carousel-shortcode.carousel-shortcode-id-908ac09cc17e79a6a0a42a9245ae2051.owl-carousel .owl-nav div.owl-prev i {\n  padding: 0px 0px 0px 0px;\n}\n.carousel-shortcode.carousel-shortcode-id-908ac09cc17e79a6a0a42a9245ae2051.owl-carousel .owl-nav div.owl-next {\n  top: calc(100% + 20px);\n  right: 0px;\n}\n.carousel-shortcode.carousel-shortcode-id-908ac09cc17e79a6a0a42a9245ae2051.owl-carousel .owl-nav div.owl-next i {\n  padding: 0px 0px 0px 0px;\n}\n.carousel-shortcode.carousel-shortcode-id-908ac09cc17e79a6a0a42a9245ae2051.owl-carousel .owl-nav i {\n  font-size: 24px;\n}\n.carousel-shortcode.carousel-shortcode-id-908ac09cc17e79a6a0a42a9245ae2051.owl-carousel .owl-nav div:not(:hover) i,\n.carousel-shortcode.carousel-shortcode-id-908ac09cc17e79a6a0a42a9245ae2051.owl-carousel .owl-nav div:not(:hover) i:before {\n  color: rgba(0,0,0,0.2);\n  background: none;\n}\n.carousel-shortcode.carousel-shortcode-id-908ac09cc17e79a6a0a42a9245ae2051.owl-carousel .owl-nav div:hover i,\n.carousel-shortcode.carousel-shortcode-id-908ac09cc17e79a6a0a42a9245ae2051.owl-carousel .owl-nav div:hover i:before {\n  color: rgba(0,0,0,0.3);\n  background: none;\n}\n.carousel-shortcode.carousel-shortcode-id-908ac09cc17e79a6a0a42a9245ae2051 .owl-dots {\n  top: calc(100% + 20px);\n  left: 50%;\n  transform: translateX(calc(-50% + 0px));\n}\n@media all and (-ms-high-contrast: none) {\n  .carousel-shortcode.carousel-shortcode-id-908ac09cc17e79a6a0a42a9245ae2051 .owl-dots {\n    transform: translateX(-50%);\n    margin-left: 0px;\n  }\n}\n.carousel-shortcode.carousel-shortcode-id-908ac09cc17e79a6a0a42a9245ae2051 .owl-dot {\n  width: 8px;\n  height: 8px;\n  margin: 0 6px;\n}\n.bullets-scale-up.carousel-shortcode.carousel-shortcode-id-908ac09cc17e79a6a0a42a9245ae2051 .owl-dot:not(.active):not(:hover) span {\n  background: rgba(0,0,0,0.2);\n}\n.bullets-scale-up.carousel-shortcode.carousel-shortcode-id-908ac09cc17e79a6a0a42a9245ae2051 .owl-dot:not(.active):hover span,\n.bullets-scale-up.carousel-shortcode.carousel-shortcode-id-908ac09cc17e79a6a0a42a9245ae2051 .owl-dot.active span {\n  background: rgba(0,0,0,0.3);\n}\n.bullets-stroke.carousel-shortcode.carousel-shortcode-id-908ac09cc17e79a6a0a42a9245ae2051 .owl-dot:not(.active):not(:hover) span {\n  background: rgba(0,0,0,0.2);\n}\n.bullets-stroke.carousel-shortcode.carousel-shortcode-id-908ac09cc17e79a6a0a42a9245ae2051 .owl-dot:not(.active):hover span {\n  background: rgba(0,0,0,0.3);\n}\n.bullets-stroke.carousel-shortcode.carousel-shortcode-id-908ac09cc17e79a6a0a42a9245ae2051 .owl-dot.active span {\n  box-shadow: 0 0 0 2px rgba(0,0,0,0.3);\n}\n.bullets-fill-in.carousel-shortcode.carousel-shortcode-id-908ac09cc17e79a6a0a42a9245ae2051 .owl-dot:not(.active):not(:hover) span {\n  box-shadow: inset 0 0 0 2px rgba(0,0,0,0.2);\n}\n.bullets-fill-in.carousel-shortcode.carousel-shortcode-id-908ac09cc17e79a6a0a42a9245ae2051 .owl-dot:not(.active):hover span {\n  box-shadow: inset 0 0 0 2px rgba(0,0,0,0.3);\n}\n.bullets-fill-in.carousel-shortcode.carousel-shortcode-id-908ac09cc17e79a6a0a42a9245ae2051 .owl-dot.active span {\n  box-shadow: inset 0 0 0 20px rgba(0,0,0,0.3);\n}\n.bullets-small-dot-stroke.carousel-shortcode.carousel-shortcode-id-908ac09cc17e79a6a0a42a9245ae2051 .owl-dot:not(.active):not(:hover) span {\n  background: rgba(0,0,0,0.2);\n}\n.bullets-small-dot-stroke.carousel-shortcode.carousel-shortcode-id-908ac09cc17e79a6a0a42a9245ae2051 .owl-dot:not(.active):hover span,\n.bullets-small-dot-stroke.carousel-shortcode.carousel-shortcode-id-908ac09cc17e79a6a0a42a9245ae2051 .owl-dot.active span {\n  background: rgba(0,0,0,0.3);\n}\n.bullets-small-dot-stroke.carousel-shortcode.carousel-shortcode-id-908ac09cc17e79a6a0a42a9245ae2051 .owl-dot.active {\n  box-shadow: 0 0 0 2px rgba(0,0,0,0.3);\n}\n.bullets-ubax.carousel-shortcode.carousel-shortcode-id-908ac09cc17e79a6a0a42a9245ae2051 .owl-dot span {\n  background: rgba(0,0,0,0.2);\n}\n.bullets-ubax.carousel-shortcode.carousel-shortcode-id-908ac09cc17e79a6a0a42a9245ae2051 .owl-dot.active span {\n  border-color: rgba(0,0,0,0.3);\n}\n.bullets-ubax.carousel-shortcode.carousel-shortcode-id-908ac09cc17e79a6a0a42a9245ae2051 .owl-dot:not(.active):hover span {\n  background: rgba(0,0,0,0.3);\n}\n.bullets-etefu.carousel-shortcode.carousel-shortcode-id-908ac09cc17e79a6a0a42a9245ae2051 .owl-dot span {\n  background: rgba(0,0,0,0.2);\n}\n.bullets-etefu.carousel-shortcode.carousel-shortcode-id-908ac09cc17e79a6a0a42a9245ae2051 .owl-dot:not(.active):hover span {\n  background: rgba(0,0,0,0.3);\n}\n.bullets-etefu.carousel-shortcode.carousel-shortcode-id-908ac09cc17e79a6a0a42a9245ae2051 .owl-dot span:before {\n  background: rgba(0,0,0,0.3);\n}\n.accent-gradient .bullets-etefu.carousel-shortcode.carousel-shortcode-id-908ac09cc17e79a6a0a42a9245ae2051 .owl-dot span:before {\n  background: rgba(0,0,0,0.3);\n}\n@media screen and (max-width: 778px) {\n  .carousel-shortcode.carousel-shortcode-id-908ac09cc17e79a6a0a42a9245ae2051.hide-arrows .owl-nav a {\n    display: none;\n  }\n}\n@media screen and (max-width: 778px) {\n  .carousel-shortcode.carousel-shortcode-id-908ac09cc17e79a6a0a42a9245ae2051.reposition-arrows .owl-nav .owl-prev {\n    top: calc(100% + 20px);\n    left: 10px;\n  }\n  .carousel-shortcode.carousel-shortcode-id-908ac09cc17e79a6a0a42a9245ae2051.reposition-arrows .owl-nav .owl-next {\n    top: calc(100% + 20px);\n    right: 10px;\n  }\n}<\/style><div class=\"owl-carousel carousel-shortcode dt-owl-carousel-call carousel-shortcode-id-908ac09cc17e79a6a0a42a9245ae2051 bullets-scale-up arrows-bg-off disable-arrows-hover-bg arrows-hover-bg-off  \" data-scroll-mode=\"1\" data-col-num=\"1\" data-wide-col-num=\"1\" data-laptop-col=\"1\" data-h-tablet-columns-num=\"1\" data-v-tablet-columns-num=\"1\" data-phone-columns-num=\"1\" data-auto-height=\"true\" data-col-gap=\"30\" data-stage-padding=\"0\" data-speed=\"600\" data-autoplay=\"false\" data-autoplay_speed=\"6000\" data-arrows=\"true\" data-bullet=\"true\" data-next-icon=\"icon-ar-013-r\" data-prev-icon=\"icon-ar-013-l\">[vc_single_image image=\u00a0\u00bb2354&Prime; img_size=\u00a0\u00bbfull\u00a0\u00bb alignment=\u00a0\u00bbcenter\u00a0\u00bb][vc_single_image image=\u00a0\u00bb2353&Prime; img_size=\u00a0\u00bbfull\u00a0\u00bb alignment=\u00a0\u00bbcenter\u00a0\u00bb]<\/div>[\/vc_column][\/vc_row][vc_row full_width=\u00a0\u00bbstretch_row\u00a0\u00bb gap=\u00a0\u00bb35&Prime; css=\u00a0\u00bb.vc_custom_1677601023380{margin-top: 40px !important;margin-bottom: -80px !important;padding-top: 40px !important;padding-bottom: 40px !important;background-color: #ebe7e4 !important;}\u00a0\u00bb][vc_column]<div id=\"ultimate-heading-533469d3937cc3c75\" class=\"uvc-heading ult-adjust-bottom-margin ultimate-heading-533469d3937cc3c75 uvc-8423 accent-border-color\" data-hspacer=\"no_spacer\"  data-halign=\"center\" style=\"text-align:center\"><div class=\"uvc-heading-spacer no_spacer\" style=\"top\"><\/div><div class=\"uvc-main-heading ult-responsive\"  data-ultimate-target='.uvc-heading.ultimate-heading-533469d3937cc3c75 h2'  data-responsive-json-new='{\"font-size\":\"desktop:38px;\",\"line-height\":\"desktop:48px;\"}' ><h2 style=\"--font-weight:theme;margin-bottom:10px;\">CONTACTEZ-NOUS<\/h2><\/div><\/div>[\/vc_column][vc_column width=\u00a0\u00bb1\/2&Prime;][vc_column_text]<iframe loading=\"lazy\" style=\"border: 0;\" src=\"https:\/\/www.google.com\/maps\/embed?pb=!1m18!1m12!1m3!1d3034.5391623156524!2d-3.7207495840544698!3d40.4854590793572!2m3!1f0!2f0!3f0!3m2!1i1024!2i768!4f13.1!3m3!1m2!1s0xd42298ddaac29b9%3A0xfca42f46f41ac8c9!2sC.%20del%20Valle%20de%20Pinares%20Llanos%2C%203%2C%2028035%20Madrid!5e0!3m2!1ses!2ses!4v1675767263645!5m2!1ses!2ses\" width=\"600\" height=\"450\" allowfullscreen=\"allowfullscreen\"><\/iframe>[\/vc_column_text][vc_column_text]<strong>IMO Grupo Miranza Madrid<\/strong><\/p>\n<p>C\/ del Valle Pinares Llanos, 3, 28305 Madrid<\/p>\n<p>910 783 783[\/vc_column_text][\/vc_column][vc_column width=\u00a0\u00bb1\/2&Prime; css=\u00a0\u00bb.vc_custom_1677598913734{padding-right: 50px !important;padding-left: 50px !important;}\u00a0\u00bb]\n<div class=\"wpcf7 no-js\" id=\"wpcf7-f5297-o1\" lang=\"es-ES\" dir=\"ltr\" data-wpcf7-id=\"5297\">\n<div class=\"screen-reader-response\"><p role=\"status\" aria-live=\"polite\" aria-atomic=\"true\"><\/p> <ul><\/ul><\/div>\n<form action=\"\/fr\/wp-json\/wp\/v2\/pages\/4378#wpcf7-f5297-o1\" method=\"post\" class=\"wpcf7-form init\" aria-label=\"Formulario de contacto\" novalidate=\"novalidate\" data-status=\"init\">\n<fieldset class=\"hidden-fields-container\"><input type=\"hidden\" name=\"_wpcf7\" value=\"5297\" \/><input type=\"hidden\" name=\"_wpcf7_version\" value=\"6.1.5\" \/><input type=\"hidden\" name=\"_wpcf7_locale\" value=\"es_ES\" \/><input type=\"hidden\" name=\"_wpcf7_unit_tag\" value=\"wpcf7-f5297-o1\" \/><input type=\"hidden\" name=\"_wpcf7_container_post\" value=\"0\" \/><input type=\"hidden\" name=\"_wpcf7_posted_data_hash\" value=\"\" \/>\n<\/fieldset>\n<h2 style=\"text-align: center;\", font-weight: bold;>PRENDRE RENDEZ-VOUS\n<\/h2>\n<p><span class=\"wpcf7-form-control-wrap\" data-name=\"your-name\"><input size=\"40\" maxlength=\"400\" class=\"wpcf7-form-control wpcf7-text wpcf7-validates-as-required\" aria-required=\"true\" aria-invalid=\"false\" placeholder=\"Pr\u00e9nom et nom*\" value=\"\" type=\"text\" name=\"your-name\" \/><\/span><br \/>\n<span class=\"wpcf7-form-control-wrap\" data-name=\"your-email\"><input size=\"40\" maxlength=\"400\" class=\"wpcf7-form-control wpcf7-email wpcf7-validates-as-required wpcf7-text wpcf7-validates-as-email\" aria-required=\"true\" aria-invalid=\"false\" placeholder=\"E-mail*\" value=\"\" type=\"email\" name=\"your-email\" \/><\/span><br \/>\n<span class=\"wpcf7-form-control-wrap\" data-name=\"your-subject\"><input size=\"40\" maxlength=\"400\" class=\"wpcf7-form-control wpcf7-text wpcf7-validates-as-required\" aria-required=\"true\" aria-invalid=\"false\" placeholder=\"T\u00e9l\u00e9phone*\" value=\"\" type=\"text\" name=\"your-subject\" \/><\/span><br \/>\n<span class=\"wpcf7-form-control-wrap\" data-name=\"your-message\"><textarea cols=\"40\" rows=\"3\" maxlength=\"2000\" class=\"wpcf7-form-control wpcf7-textarea wpcf7-validates-as-required\" aria-required=\"true\" aria-invalid=\"false\" placeholder=\"Raison du rendez-vous\" name=\"your-message\"><\/textarea><\/span>\n<\/p>\n<p><span class=\"wpcf7-form-control-wrap\" data-name=\"acceptance-19\"><span class=\"wpcf7-form-control wpcf7-acceptance\"><span class=\"wpcf7-list-item\"><label><input type=\"checkbox\" name=\"acceptance-19\" value=\"1\" aria-invalid=\"false\" \/><span class=\"wpcf7-list-item-label\">Je consens le traitement de mes donn\u00e9es par le Dr. Marco Sales dans le but de g\u00e9rer ma\ndemande de rendez-vous. <br>Plus d'informations dans notre  <a href=\"\/politica-de-privacidad\/\" target=\"_blank\" text-style: bold\">politique de confidentialit\u00e9<\/a><\/span><\/label><\/span><\/span><\/span>\n<\/p>\n<p><span class=\"wpcf7-form-control-wrap\" data-name=\"checkbox-453\"><span class=\"wpcf7-form-control wpcf7-checkbox\"><span class=\"wpcf7-list-item first last\"><input type=\"checkbox\" name=\"checkbox-453[]\" value=\"Je souhaite recevoir des informations sur les nouveaut\u00e9s et les promotions de Dr. Marco\nSales.\" \/><span class=\"wpcf7-list-item-label\">Je souhaite recevoir des informations sur les nouveaut\u00e9s et les promotions de Dr. Marco\nSales.<\/span><\/span><\/span><\/span>\n<\/p>\n<div align=\"center\">\n\t<p><input class=\"wpcf7-form-control wpcf7-submit has-spinner\" type=\"submit\" value=\"DEMANDER PLUS D&#039;INFORMATIONS\" \/>\n\t<\/p>\n<\/div>\n<p><script>\ndocument.addEventListener( 'wpcf7mailsent', function( event ) {\n location = '\/gracias-por-el-mensaje\/';\n}, false );\n<\/script>\n<\/p><p style=\"display: none !important;\" class=\"akismet-fields-container\" data-prefix=\"_wpcf7_ak_\"><label>&#916;<textarea name=\"_wpcf7_ak_hp_textarea\" cols=\"45\" rows=\"8\" maxlength=\"100\"><\/textarea><\/label><input type=\"hidden\" id=\"ak_js_1\" name=\"_wpcf7_ak_js\" value=\"175\"\/><script>document.getElementById( \"ak_js_1\" ).setAttribute( \"value\", ( new Date() ).getTime() );<\/script><\/p><div class=\"wpcf7-response-output\" aria-hidden=\"true\"><\/div>\n<\/form>\n<\/div>\n[\/vc_column][\/vc_row]<\/p>\n<\/div>","protected":false},"excerpt":{"rendered":"<p>[vc_row full_width=\u00a0\u00bbstretch_row\u00a0\u00bb equal_height=\u00a0\u00bbyes\u00a0\u00bb][vc_column offset=\u00a0\u00bbvc_col-lg-6 vc_col-md-6&Prime;][vc_column_text]La cause la plus fr\u00e9quente de larmoiement chez l&rsquo;enfant est l&rsquo;obstruction cong\u00e9nitale (depuis la naissance) du canal lacrymal. Elle se produit parce qu&rsquo;une petite valve situ\u00e9 \u00e0 la jonction du canal lacrymal et du nez (valve de Hasner) ne devient pas naturellement perm\u00e9able au cours du d\u00e9veloppement embryonnaire. Ce ph\u00e9nom\u00e8ne est&hellip;<\/p>\n","protected":false},"author":1,"featured_media":0,"parent":4330,"menu_order":0,"comment_status":"closed","ping_status":"closed","template":"","meta":{"footnotes":""},"class_list":["post-4378","page","type-page","status-publish","hentry","description-off"],"yoast_head":"<!-- This site is optimized with the Yoast SEO plugin v26.9 - https:\/\/yoast.com\/product\/yoast-seo-wordpress\/ -->\n<title>L&#039;OBSTRUCTION CHEZ LES ENFANTS - Dr. Marco Sales<\/title>\n<meta name=\"description\" content=\"La obstrucci\u00f3n en ni\u00f1os se refiere a bloqueos en las v\u00edas lagrimales, causando lagrimeo y requiriendo tratamiento m\u00e9dico.\" \/>\n<meta name=\"robots\" content=\"index, follow, max-snippet:-1, max-image-preview:large, max-video-preview:-1\" \/>\n<link rel=\"canonical\" href=\"https:\/\/doctormarcosales.com\/fr\/specialites\/lobstruction-chez-les-enfants\/\" \/>\n<meta property=\"og:locale\" content=\"fr_FR\" \/>\n<meta property=\"og:type\" content=\"article\" \/>\n<meta property=\"og:title\" content=\"L&#039;OBSTRUCTION CHEZ LES ENFANTS - Dr. Marco Sales\" \/>\n<meta property=\"og:description\" content=\"La obstrucci\u00f3n en ni\u00f1os se refiere a bloqueos en las v\u00edas lagrimales, causando lagrimeo y requiriendo tratamiento m\u00e9dico.\" \/>\n<meta property=\"og:url\" content=\"https:\/\/doctormarcosales.com\/fr\/specialites\/lobstruction-chez-les-enfants\/\" \/>\n<meta property=\"og:site_name\" content=\"Dr. Marco Sales\" \/>\n<meta property=\"article:modified_time\" content=\"2024-02-26T10:35:10+00:00\" \/>\n<meta name=\"twitter:card\" content=\"summary_large_image\" \/>\n<meta name=\"twitter:label1\" content=\"Dur\u00e9e de lecture estim\u00e9e\" \/>\n\t<meta name=\"twitter:data1\" content=\"4 minutes\" \/>\n<script type=\"application\/ld+json\" class=\"yoast-schema-graph\">{\"@context\":\"https:\/\/schema.org\",\"@graph\":[{\"@type\":\"WebPage\",\"@id\":\"https:\/\/doctormarcosales.com\/fr\/specialites\/lobstruction-chez-les-enfants\/\",\"url\":\"https:\/\/doctormarcosales.com\/fr\/specialites\/lobstruction-chez-les-enfants\/\",\"name\":\"L'OBSTRUCTION CHEZ LES ENFANTS - Dr. Marco Sales\",\"isPartOf\":{\"@id\":\"https:\/\/doctormarcosales.com\/#website\"},\"datePublished\":\"2023-02-10T14:14:38+00:00\",\"dateModified\":\"2024-02-26T10:35:10+00:00\",\"description\":\"La obstrucci\u00f3n en ni\u00f1os se refiere a bloqueos en las v\u00edas lagrimales, causando lagrimeo y requiriendo tratamiento m\u00e9dico.\",\"breadcrumb\":{\"@id\":\"https:\/\/doctormarcosales.com\/fr\/specialites\/lobstruction-chez-les-enfants\/#breadcrumb\"},\"inLanguage\":\"fr-FR\",\"potentialAction\":[{\"@type\":\"ReadAction\",\"target\":[\"https:\/\/doctormarcosales.com\/fr\/specialites\/lobstruction-chez-les-enfants\/\"]}]},{\"@type\":\"BreadcrumbList\",\"@id\":\"https:\/\/doctormarcosales.com\/fr\/specialites\/lobstruction-chez-les-enfants\/#breadcrumb\",\"itemListElement\":[{\"@type\":\"ListItem\",\"position\":1,\"name\":\"Portada\",\"item\":\"https:\/\/doctormarcosales.com\/fr\/\"},{\"@type\":\"ListItem\",\"position\":2,\"name\":\"SP\u00c9CIALIT\u00c9S\",\"item\":\"https:\/\/doctormarcosales.com\/fr\/specialites\/\"},{\"@type\":\"ListItem\",\"position\":3,\"name\":\"L&#8217;OBSTRUCTION CHEZ LES ENFANTS\"}]},{\"@type\":\"WebSite\",\"@id\":\"https:\/\/doctormarcosales.com\/#website\",\"url\":\"https:\/\/doctormarcosales.com\/\",\"name\":\"Dr. Marco Sales\",\"description\":\"M\u00e9dico oftalm\u00f3logo especializado en Blefaroplastia\",\"potentialAction\":[{\"@type\":\"SearchAction\",\"target\":{\"@type\":\"EntryPoint\",\"urlTemplate\":\"https:\/\/doctormarcosales.com\/?s={search_term_string}\"},\"query-input\":{\"@type\":\"PropertyValueSpecification\",\"valueRequired\":true,\"valueName\":\"search_term_string\"}}],\"inLanguage\":\"fr-FR\"}]}<\/script>\n<!-- \/ Yoast SEO plugin. -->","yoast_head_json":{"title":"L'OBSTRUCTION CHEZ LES ENFANTS - Dr. Marco Sales","description":"La obstrucci\u00f3n en ni\u00f1os se refiere a bloqueos en las v\u00edas lagrimales, causando lagrimeo y requiriendo tratamiento m\u00e9dico.","robots":{"index":"index","follow":"follow","max-snippet":"max-snippet:-1","max-image-preview":"max-image-preview:large","max-video-preview":"max-video-preview:-1"},"canonical":"https:\/\/doctormarcosales.com\/fr\/specialites\/lobstruction-chez-les-enfants\/","og_locale":"fr_FR","og_type":"article","og_title":"L'OBSTRUCTION CHEZ LES ENFANTS - Dr. Marco Sales","og_description":"La obstrucci\u00f3n en ni\u00f1os se refiere a bloqueos en las v\u00edas lagrimales, causando lagrimeo y requiriendo tratamiento m\u00e9dico.","og_url":"https:\/\/doctormarcosales.com\/fr\/specialites\/lobstruction-chez-les-enfants\/","og_site_name":"Dr. Marco Sales","article_modified_time":"2024-02-26T10:35:10+00:00","twitter_card":"summary_large_image","twitter_misc":{"Dur\u00e9e de lecture estim\u00e9e":"4 minutes"},"schema":{"@context":"https:\/\/schema.org","@graph":[{"@type":"WebPage","@id":"https:\/\/doctormarcosales.com\/fr\/specialites\/lobstruction-chez-les-enfants\/","url":"https:\/\/doctormarcosales.com\/fr\/specialites\/lobstruction-chez-les-enfants\/","name":"L'OBSTRUCTION CHEZ LES ENFANTS - Dr. Marco Sales","isPartOf":{"@id":"https:\/\/doctormarcosales.com\/#website"},"datePublished":"2023-02-10T14:14:38+00:00","dateModified":"2024-02-26T10:35:10+00:00","description":"La obstrucci\u00f3n en ni\u00f1os se refiere a bloqueos en las v\u00edas lagrimales, causando lagrimeo y requiriendo tratamiento m\u00e9dico.","breadcrumb":{"@id":"https:\/\/doctormarcosales.com\/fr\/specialites\/lobstruction-chez-les-enfants\/#breadcrumb"},"inLanguage":"fr-FR","potentialAction":[{"@type":"ReadAction","target":["https:\/\/doctormarcosales.com\/fr\/specialites\/lobstruction-chez-les-enfants\/"]}]},{"@type":"BreadcrumbList","@id":"https:\/\/doctormarcosales.com\/fr\/specialites\/lobstruction-chez-les-enfants\/#breadcrumb","itemListElement":[{"@type":"ListItem","position":1,"name":"Portada","item":"https:\/\/doctormarcosales.com\/fr\/"},{"@type":"ListItem","position":2,"name":"SP\u00c9CIALIT\u00c9S","item":"https:\/\/doctormarcosales.com\/fr\/specialites\/"},{"@type":"ListItem","position":3,"name":"L&#8217;OBSTRUCTION CHEZ LES ENFANTS"}]},{"@type":"WebSite","@id":"https:\/\/doctormarcosales.com\/#website","url":"https:\/\/doctormarcosales.com\/","name":"Dr. Marco Sales","description":"M\u00e9dico oftalm\u00f3logo especializado en Blefaroplastia","potentialAction":[{"@type":"SearchAction","target":{"@type":"EntryPoint","urlTemplate":"https:\/\/doctormarcosales.com\/?s={search_term_string}"},"query-input":{"@type":"PropertyValueSpecification","valueRequired":true,"valueName":"search_term_string"}}],"inLanguage":"fr-FR"}]}},"_links":{"self":[{"href":"https:\/\/doctormarcosales.com\/fr\/wp-json\/wp\/v2\/pages\/4378","targetHints":{"allow":["GET"]}}],"collection":[{"href":"https:\/\/doctormarcosales.com\/fr\/wp-json\/wp\/v2\/pages"}],"about":[{"href":"https:\/\/doctormarcosales.com\/fr\/wp-json\/wp\/v2\/types\/page"}],"author":[{"embeddable":true,"href":"https:\/\/doctormarcosales.com\/fr\/wp-json\/wp\/v2\/users\/1"}],"replies":[{"embeddable":true,"href":"https:\/\/doctormarcosales.com\/fr\/wp-json\/wp\/v2\/comments?post=4378"}],"version-history":[{"count":5,"href":"https:\/\/doctormarcosales.com\/fr\/wp-json\/wp\/v2\/pages\/4378\/revisions"}],"predecessor-version":[{"id":5360,"href":"https:\/\/doctormarcosales.com\/fr\/wp-json\/wp\/v2\/pages\/4378\/revisions\/5360"}],"up":[{"embeddable":true,"href":"https:\/\/doctormarcosales.com\/fr\/wp-json\/wp\/v2\/pages\/4330"}],"wp:attachment":[{"href":"https:\/\/doctormarcosales.com\/fr\/wp-json\/wp\/v2\/media?parent=4378"}],"curies":[{"name":"wp","href":"https:\/\/api.w.org\/{rel}","templated":true}]}}