{"id":4376,"date":"2023-02-09T15:08:50","date_gmt":"2023-02-09T15:08:50","guid":{"rendered":"https:\/\/doctormarcosales.com\/especialidades\/lagrimeo\/"},"modified":"2024-02-26T10:35:00","modified_gmt":"2024-02-26T10:35:00","slug":"larmoiement","status":"publish","type":"page","link":"https:\/\/doctormarcosales.com\/fr\/specialites\/larmoiement\/","title":{"rendered":"LARMOIEMENT"},"content":{"rendered":"<div class=\"wpb-content-wrapper\"><p>[vc_row full_width=\u00a0\u00bbstretch_row\u00a0\u00bb equal_height=\u00a0\u00bbyes\u00a0\u00bb][vc_column offset=\u00a0\u00bbvc_col-lg-6 vc_col-md-6&Prime;][vc_column_text]Le <strong>larmoiement<\/strong> est un probl\u00e8me tr\u00e8s courant dans la population et, bien qu&rsquo;il ne soit pas grave, <strong>il est tr\u00e8s g\u00eanant<\/strong>. Outre la g\u00eane occasionn\u00e9e par le fait de devoir s&rsquo;essuyer les yeux avec un mouchoir, ce qui peut entraver de nombreuses activit\u00e9s sociales, le larmoiement continu provoque souvent une irritation de la peau \u00e0 l&rsquo;endroit o\u00f9 tombent les larmes, g\u00e9n\u00e9ralement caus\u00e9e par un ass\u00e8chement continu. Il peut \u00e9galement alt\u00e9rer partiellement la vision, car une vision normale n\u00e9cessite une larme homog\u00e8ne. Lorsqu&rsquo;il y a un exc\u00e8s de larmes dans l&rsquo;\u0153il, il y a une alt\u00e9ration de la vision, qui est g\u00e9n\u00e9ralement tr\u00e8s variable, et qui affecte davantage la lecture.<\/p>\n<p>La d\u00e9chirure est un probl\u00e8me g\u00eanant et tr\u00e8s courant qui a presque toujours une solution, c&rsquo;est pourquoi il est tr\u00e8s important de le faire \u00e9valuer par un sp\u00e9cialiste qui pourra proposer la solution la plus appropri\u00e9e.<\/p>\n<p>&nbsp;<\/p>\n<p><strong>Pourquoi l&rsquo;\u0153il peut-il pleurer?<\/strong><\/p>\n<p>La production et l&rsquo;\u00e9limination des larmes dans l&rsquo;\u0153il sont similaires \u00e0 celles d&rsquo;un \u00e9vier. L&rsquo;\u0153il peut pleurer \u00e0 cause d&rsquo;une production excessive de larmes (trop d&rsquo;eau qui sort du robinet) ou parce que les larmes produites ne sont pas \u00e9limin\u00e9es correctement (alt\u00e9ration qui emp\u00eache l&rsquo;eau d&rsquo;atteindre les tuyaux ou tuyaux bouch\u00e9s).[\/vc_column_text][vc_tta_accordion shape=\u00a0\u00bbsquare\u00a0\u00bb c_position=\u00a0\u00bbright\u00a0\u00bb active_section=\u00a0\u00bb1&Prime; no_fill=\u00a0\u00bbtrue\u00a0\u00bb collapsible_all=\u00a0\u00bbtrue\u00a0\u00bb][vc_tta_section title=\u00a0\u00bbPRODUCTION EXC\u00c9DENTAIRE\u00a0\u00bb tab_id=\u00a0\u00bb1668689690300-f3ba20b3-d409&Prime;][vc_column_text]L&rsquo;exc\u00e8s de production peut \u00eatre d\u00fb \u00e0 tout ce qui irrite l&rsquo;\u0153il (larmoiement irritatif), comme la p\u00e9n\u00e9tration d&rsquo;un objet dans l&rsquo;\u0153il, la conjonctivite ou la s\u00e9cheresse oculaire au stade initial, dans laquelle le larmoiement basal au repos n&rsquo;est pas suffisant et d\u00e9clenche un larmoiement r\u00e9flexe inefficace qui fait larmoyer l&rsquo;\u0153il. Le traitement consiste \u00e0 \u00e9liminer la cause de l&rsquo;irritation et, si cela n&rsquo;est pas possible, \u00e0 bien hydrater l&rsquo;\u0153il avec des larmes artificielles pour tenter de r\u00e9duire le larmoiement r\u00e9flexe.[\/vc_column_text][\/vc_tta_section][vc_tta_section title=\u00a0\u00bbMODIFICATION DE L&rsquo;\u00c9LIMINATION\u00a0\u00bb tab_id=\u00a0\u00bb1675851460013-511a3805-d8bf\u00a0\u00bb][\/vc_tta_section][\/vc_tta_accordion][vc_column_text css=\u00a0\u00bb.vc_custom_1708445344951{margin-top: 20px !important;}\u00a0\u00bb]Les causes du larmoiement sont diff\u00e9rentes chez les enfants et les adultes, et leur traitement est donc \u00e9galement diff\u00e9rent. Chez les enfants, la cause la plus fr\u00e9quente est l&rsquo;obstruction cong\u00e9nitale (depuis la naissance) du canal lacrymal. Le traitement, lorsqu&rsquo;il est n\u00e9cessaire, se fait g\u00e9n\u00e9ralement par sondage.[\/vc_column_text][\/vc_column][vc_column offset=\u00a0\u00bbvc_col-lg-6 vc_col-md-6&Prime; css=\u00a0\u00bb.vc_custom_1634645121029{padding-bottom: 60px !important;}\u00a0\u00bb][vc_single_image image=\u00a0\u00bb2304&Prime; img_size=\u00a0\u00bbfull\u00a0\u00bb alignment=\u00a0\u00bbcenter\u00a0\u00bb][vc_single_image image=\u00a0\u00bb2307&Prime; img_size=\u00a0\u00bbfull\u00a0\u00bb alignment=\u00a0\u00bbcenter\u00a0\u00bb][vc_single_image image=\u00a0\u00bb2306&Prime; img_size=\u00a0\u00bbfull\u00a0\u00bb alignment=\u00a0\u00bbcenter\u00a0\u00bb][\/vc_column][\/vc_row][vc_row full_width=\u00a0\u00bbstretch_row\u00a0\u00bb gap=\u00a0\u00bb35&Prime; css=\u00a0\u00bb.vc_custom_1677601023380{margin-top: 40px !important;margin-bottom: -80px !important;padding-top: 40px !important;padding-bottom: 40px !important;background-color: #ebe7e4 !important;}\u00a0\u00bb][vc_column]<div id=\"ultimate-heading-603669ea267431899\" class=\"uvc-heading ult-adjust-bottom-margin ultimate-heading-603669ea267431899 uvc-8833 accent-border-color\" data-hspacer=\"no_spacer\"  data-halign=\"center\" style=\"text-align:center\"><div class=\"uvc-heading-spacer no_spacer\" style=\"top\"><\/div><div class=\"uvc-main-heading ult-responsive\"  data-ultimate-target='.uvc-heading.ultimate-heading-603669ea267431899 h2'  data-responsive-json-new='{\"font-size\":\"desktop:38px;\",\"line-height\":\"desktop:48px;\"}' ><h2 style=\"--font-weight:theme;margin-bottom:10px;\">CONTACTEZ-NOUS<\/h2><\/div><\/div>[\/vc_column][vc_column width=\u00a0\u00bb1\/2&Prime;][vc_column_text]<iframe loading=\"lazy\" style=\"border: 0;\" src=\"https:\/\/www.google.com\/maps\/embed?pb=!1m18!1m12!1m3!1d3034.5391623156524!2d-3.7207495840544698!3d40.4854590793572!2m3!1f0!2f0!3f0!3m2!1i1024!2i768!4f13.1!3m3!1m2!1s0xd42298ddaac29b9%3A0xfca42f46f41ac8c9!2sC.%20del%20Valle%20de%20Pinares%20Llanos%2C%203%2C%2028035%20Madrid!5e0!3m2!1ses!2ses!4v1675767263645!5m2!1ses!2ses\" width=\"600\" height=\"450\" allowfullscreen=\"allowfullscreen\"><\/iframe>[\/vc_column_text][vc_column_text]<strong>IMO Grupo Miranza Madrid<\/strong><\/p>\n<p>C\/ del Valle Pinares Llanos, 3, 28305 Madrid<\/p>\n<p>910 783 783[\/vc_column_text][\/vc_column][vc_column width=\u00a0\u00bb1\/2&Prime; css=\u00a0\u00bb.vc_custom_1677598913734{padding-right: 50px !important;padding-left: 50px !important;}\u00a0\u00bb]\n<div class=\"wpcf7 no-js\" id=\"wpcf7-f5297-o1\" lang=\"es-ES\" dir=\"ltr\" data-wpcf7-id=\"5297\">\n<div class=\"screen-reader-response\"><p role=\"status\" aria-live=\"polite\" aria-atomic=\"true\"><\/p> <ul><\/ul><\/div>\n<form action=\"\/fr\/wp-json\/wp\/v2\/pages\/4376#wpcf7-f5297-o1\" method=\"post\" class=\"wpcf7-form init\" aria-label=\"Formulario de contacto\" novalidate=\"novalidate\" data-status=\"init\">\n<fieldset class=\"hidden-fields-container\"><input type=\"hidden\" name=\"_wpcf7\" value=\"5297\" \/><input type=\"hidden\" name=\"_wpcf7_version\" value=\"6.1.5\" \/><input type=\"hidden\" name=\"_wpcf7_locale\" value=\"es_ES\" \/><input type=\"hidden\" name=\"_wpcf7_unit_tag\" value=\"wpcf7-f5297-o1\" \/><input type=\"hidden\" name=\"_wpcf7_container_post\" value=\"0\" \/><input type=\"hidden\" name=\"_wpcf7_posted_data_hash\" value=\"\" \/>\n<\/fieldset>\n<h2 style=\"text-align: center;\", font-weight: bold;>PRENDRE RENDEZ-VOUS\n<\/h2>\n<p><span class=\"wpcf7-form-control-wrap\" data-name=\"your-name\"><input size=\"40\" maxlength=\"400\" class=\"wpcf7-form-control wpcf7-text wpcf7-validates-as-required\" aria-required=\"true\" aria-invalid=\"false\" placeholder=\"Pr\u00e9nom et nom*\" value=\"\" type=\"text\" name=\"your-name\" \/><\/span><br \/>\n<span class=\"wpcf7-form-control-wrap\" data-name=\"your-email\"><input size=\"40\" maxlength=\"400\" class=\"wpcf7-form-control wpcf7-email wpcf7-validates-as-required wpcf7-text wpcf7-validates-as-email\" aria-required=\"true\" aria-invalid=\"false\" placeholder=\"E-mail*\" value=\"\" type=\"email\" name=\"your-email\" \/><\/span><br \/>\n<span class=\"wpcf7-form-control-wrap\" data-name=\"your-subject\"><input size=\"40\" maxlength=\"400\" class=\"wpcf7-form-control wpcf7-text wpcf7-validates-as-required\" aria-required=\"true\" aria-invalid=\"false\" placeholder=\"T\u00e9l\u00e9phone*\" value=\"\" type=\"text\" name=\"your-subject\" \/><\/span><br \/>\n<span class=\"wpcf7-form-control-wrap\" data-name=\"your-message\"><textarea cols=\"40\" rows=\"3\" maxlength=\"2000\" class=\"wpcf7-form-control wpcf7-textarea wpcf7-validates-as-required\" aria-required=\"true\" aria-invalid=\"false\" placeholder=\"Raison du rendez-vous\" name=\"your-message\"><\/textarea><\/span>\n<\/p>\n<p><span class=\"wpcf7-form-control-wrap\" data-name=\"acceptance-19\"><span class=\"wpcf7-form-control wpcf7-acceptance\"><span class=\"wpcf7-list-item\"><label><input type=\"checkbox\" name=\"acceptance-19\" value=\"1\" aria-invalid=\"false\" \/><span class=\"wpcf7-list-item-label\">Je consens le traitement de mes donn\u00e9es par le Dr. Marco Sales dans le but de g\u00e9rer ma\ndemande de rendez-vous. <br>Plus d'informations dans notre  <a href=\"\/politica-de-privacidad\/\" target=\"_blank\" text-style: bold\">politique de confidentialit\u00e9<\/a><\/span><\/label><\/span><\/span><\/span>\n<\/p>\n<p><span class=\"wpcf7-form-control-wrap\" data-name=\"checkbox-453\"><span class=\"wpcf7-form-control wpcf7-checkbox\"><span class=\"wpcf7-list-item first last\"><input type=\"checkbox\" name=\"checkbox-453[]\" value=\"Je souhaite recevoir des informations sur les nouveaut\u00e9s et les promotions de Dr. Marco\nSales.\" \/><span class=\"wpcf7-list-item-label\">Je souhaite recevoir des informations sur les nouveaut\u00e9s et les promotions de Dr. Marco\nSales.<\/span><\/span><\/span><\/span>\n<\/p>\n<div align=\"center\">\n\t<p><input class=\"wpcf7-form-control wpcf7-submit has-spinner\" type=\"submit\" value=\"DEMANDER PLUS D&#039;INFORMATIONS\" \/>\n\t<\/p>\n<\/div>\n<p><script>\ndocument.addEventListener( 'wpcf7mailsent', function( event ) {\n location = '\/gracias-por-el-mensaje\/';\n}, false );\n<\/script>\n<\/p><p style=\"display: none !important;\" class=\"akismet-fields-container\" data-prefix=\"_wpcf7_ak_\"><label>&#916;<textarea name=\"_wpcf7_ak_hp_textarea\" cols=\"45\" rows=\"8\" maxlength=\"100\"><\/textarea><\/label><input type=\"hidden\" id=\"ak_js_1\" name=\"_wpcf7_ak_js\" value=\"64\"\/><script>document.getElementById( \"ak_js_1\" ).setAttribute( \"value\", ( new Date() ).getTime() );<\/script><\/p><div class=\"wpcf7-response-output\" aria-hidden=\"true\"><\/div>\n<\/form>\n<\/div>\n[\/vc_column][\/vc_row]<\/p>\n<\/div>","protected":false},"excerpt":{"rendered":"<p>[vc_row full_width=\u00a0\u00bbstretch_row\u00a0\u00bb equal_height=\u00a0\u00bbyes\u00a0\u00bb][vc_column offset=\u00a0\u00bbvc_col-lg-6 vc_col-md-6&Prime;][vc_column_text]Le larmoiement est un probl\u00e8me tr\u00e8s courant dans la population et, bien qu&rsquo;il ne soit pas grave, il est tr\u00e8s g\u00eanant. Outre la g\u00eane occasionn\u00e9e par le fait de devoir s&rsquo;essuyer les yeux avec un mouchoir, ce qui peut entraver de nombreuses activit\u00e9s sociales, le larmoiement continu provoque souvent une irritation&hellip;<\/p>\n","protected":false},"author":1,"featured_media":0,"parent":4330,"menu_order":0,"comment_status":"closed","ping_status":"closed","template":"","meta":{"footnotes":""},"class_list":["post-4376","page","type-page","status-publish","hentry","description-off"],"yoast_head":"<!-- This site is optimized with the Yoast SEO plugin v26.9 - https:\/\/yoast.com\/product\/yoast-seo-wordpress\/ -->\n<title>LARMOIEMENT - Dr. Marco Sales<\/title>\n<meta name=\"description\" content=\"El lagrimeo es la producci\u00f3n excesiva de l\u00e1grimas, a menudo causada por irritaci\u00f3n ocular o problemas de drenaje.\" \/>\n<meta name=\"robots\" content=\"index, follow, max-snippet:-1, max-image-preview:large, max-video-preview:-1\" \/>\n<link rel=\"canonical\" href=\"https:\/\/doctormarcosales.com\/fr\/specialites\/larmoiement\/\" \/>\n<meta property=\"og:locale\" content=\"fr_FR\" \/>\n<meta property=\"og:type\" content=\"article\" \/>\n<meta property=\"og:title\" content=\"LARMOIEMENT - Dr. Marco Sales\" \/>\n<meta property=\"og:description\" content=\"El lagrimeo es la producci\u00f3n excesiva de l\u00e1grimas, a menudo causada por irritaci\u00f3n ocular o problemas de drenaje.\" \/>\n<meta property=\"og:url\" content=\"https:\/\/doctormarcosales.com\/fr\/specialites\/larmoiement\/\" \/>\n<meta property=\"og:site_name\" content=\"Dr. Marco Sales\" \/>\n<meta property=\"article:modified_time\" content=\"2024-02-26T10:35:00+00:00\" \/>\n<meta name=\"twitter:card\" content=\"summary_large_image\" \/>\n<meta name=\"twitter:label1\" content=\"Dur\u00e9e de lecture estim\u00e9e\" \/>\n\t<meta name=\"twitter:data1\" content=\"2 minutes\" \/>\n<script type=\"application\/ld+json\" class=\"yoast-schema-graph\">{\"@context\":\"https:\/\/schema.org\",\"@graph\":[{\"@type\":\"WebPage\",\"@id\":\"https:\/\/doctormarcosales.com\/fr\/specialites\/larmoiement\/\",\"url\":\"https:\/\/doctormarcosales.com\/fr\/specialites\/larmoiement\/\",\"name\":\"LARMOIEMENT - Dr. Marco Sales\",\"isPartOf\":{\"@id\":\"https:\/\/doctormarcosales.com\/#website\"},\"datePublished\":\"2023-02-09T15:08:50+00:00\",\"dateModified\":\"2024-02-26T10:35:00+00:00\",\"description\":\"El lagrimeo es la producci\u00f3n excesiva de l\u00e1grimas, a menudo causada por irritaci\u00f3n ocular o problemas de drenaje.\",\"breadcrumb\":{\"@id\":\"https:\/\/doctormarcosales.com\/fr\/specialites\/larmoiement\/#breadcrumb\"},\"inLanguage\":\"fr-FR\",\"potentialAction\":[{\"@type\":\"ReadAction\",\"target\":[\"https:\/\/doctormarcosales.com\/fr\/specialites\/larmoiement\/\"]}]},{\"@type\":\"BreadcrumbList\",\"@id\":\"https:\/\/doctormarcosales.com\/fr\/specialites\/larmoiement\/#breadcrumb\",\"itemListElement\":[{\"@type\":\"ListItem\",\"position\":1,\"name\":\"Portada\",\"item\":\"https:\/\/doctormarcosales.com\/fr\/\"},{\"@type\":\"ListItem\",\"position\":2,\"name\":\"SP\u00c9CIALIT\u00c9S\",\"item\":\"https:\/\/doctormarcosales.com\/fr\/specialites\/\"},{\"@type\":\"ListItem\",\"position\":3,\"name\":\"LARMOIEMENT\"}]},{\"@type\":\"WebSite\",\"@id\":\"https:\/\/doctormarcosales.com\/#website\",\"url\":\"https:\/\/doctormarcosales.com\/\",\"name\":\"Dr. Marco Sales\",\"description\":\"M\u00e9dico oftalm\u00f3logo especializado en Blefaroplastia\",\"potentialAction\":[{\"@type\":\"SearchAction\",\"target\":{\"@type\":\"EntryPoint\",\"urlTemplate\":\"https:\/\/doctormarcosales.com\/?s={search_term_string}\"},\"query-input\":{\"@type\":\"PropertyValueSpecification\",\"valueRequired\":true,\"valueName\":\"search_term_string\"}}],\"inLanguage\":\"fr-FR\"}]}<\/script>\n<!-- \/ Yoast SEO plugin. -->","yoast_head_json":{"title":"LARMOIEMENT - Dr. Marco Sales","description":"El lagrimeo es la producci\u00f3n excesiva de l\u00e1grimas, a menudo causada por irritaci\u00f3n ocular o problemas de drenaje.","robots":{"index":"index","follow":"follow","max-snippet":"max-snippet:-1","max-image-preview":"max-image-preview:large","max-video-preview":"max-video-preview:-1"},"canonical":"https:\/\/doctormarcosales.com\/fr\/specialites\/larmoiement\/","og_locale":"fr_FR","og_type":"article","og_title":"LARMOIEMENT - Dr. Marco Sales","og_description":"El lagrimeo es la producci\u00f3n excesiva de l\u00e1grimas, a menudo causada por irritaci\u00f3n ocular o problemas de drenaje.","og_url":"https:\/\/doctormarcosales.com\/fr\/specialites\/larmoiement\/","og_site_name":"Dr. Marco Sales","article_modified_time":"2024-02-26T10:35:00+00:00","twitter_card":"summary_large_image","twitter_misc":{"Dur\u00e9e de lecture estim\u00e9e":"2 minutes"},"schema":{"@context":"https:\/\/schema.org","@graph":[{"@type":"WebPage","@id":"https:\/\/doctormarcosales.com\/fr\/specialites\/larmoiement\/","url":"https:\/\/doctormarcosales.com\/fr\/specialites\/larmoiement\/","name":"LARMOIEMENT - Dr. Marco Sales","isPartOf":{"@id":"https:\/\/doctormarcosales.com\/#website"},"datePublished":"2023-02-09T15:08:50+00:00","dateModified":"2024-02-26T10:35:00+00:00","description":"El lagrimeo es la producci\u00f3n excesiva de l\u00e1grimas, a menudo causada por irritaci\u00f3n ocular o problemas de drenaje.","breadcrumb":{"@id":"https:\/\/doctormarcosales.com\/fr\/specialites\/larmoiement\/#breadcrumb"},"inLanguage":"fr-FR","potentialAction":[{"@type":"ReadAction","target":["https:\/\/doctormarcosales.com\/fr\/specialites\/larmoiement\/"]}]},{"@type":"BreadcrumbList","@id":"https:\/\/doctormarcosales.com\/fr\/specialites\/larmoiement\/#breadcrumb","itemListElement":[{"@type":"ListItem","position":1,"name":"Portada","item":"https:\/\/doctormarcosales.com\/fr\/"},{"@type":"ListItem","position":2,"name":"SP\u00c9CIALIT\u00c9S","item":"https:\/\/doctormarcosales.com\/fr\/specialites\/"},{"@type":"ListItem","position":3,"name":"LARMOIEMENT"}]},{"@type":"WebSite","@id":"https:\/\/doctormarcosales.com\/#website","url":"https:\/\/doctormarcosales.com\/","name":"Dr. Marco Sales","description":"M\u00e9dico oftalm\u00f3logo especializado en Blefaroplastia","potentialAction":[{"@type":"SearchAction","target":{"@type":"EntryPoint","urlTemplate":"https:\/\/doctormarcosales.com\/?s={search_term_string}"},"query-input":{"@type":"PropertyValueSpecification","valueRequired":true,"valueName":"search_term_string"}}],"inLanguage":"fr-FR"}]}},"_links":{"self":[{"href":"https:\/\/doctormarcosales.com\/fr\/wp-json\/wp\/v2\/pages\/4376","targetHints":{"allow":["GET"]}}],"collection":[{"href":"https:\/\/doctormarcosales.com\/fr\/wp-json\/wp\/v2\/pages"}],"about":[{"href":"https:\/\/doctormarcosales.com\/fr\/wp-json\/wp\/v2\/types\/page"}],"author":[{"embeddable":true,"href":"https:\/\/doctormarcosales.com\/fr\/wp-json\/wp\/v2\/users\/1"}],"replies":[{"embeddable":true,"href":"https:\/\/doctormarcosales.com\/fr\/wp-json\/wp\/v2\/comments?post=4376"}],"version-history":[{"count":4,"href":"https:\/\/doctormarcosales.com\/fr\/wp-json\/wp\/v2\/pages\/4376\/revisions"}],"predecessor-version":[{"id":5359,"href":"https:\/\/doctormarcosales.com\/fr\/wp-json\/wp\/v2\/pages\/4376\/revisions\/5359"}],"up":[{"embeddable":true,"href":"https:\/\/doctormarcosales.com\/fr\/wp-json\/wp\/v2\/pages\/4330"}],"wp:attachment":[{"href":"https:\/\/doctormarcosales.com\/fr\/wp-json\/wp\/v2\/media?parent=4376"}],"curies":[{"name":"wp","href":"https:\/\/api.w.org\/{rel}","templated":true}]}}