{"id":4318,"date":"2023-02-08T15:36:31","date_gmt":"2023-02-08T15:36:31","guid":{"rendered":"https:\/\/doctormarcosales.com\/blefaroplastia-superior\/"},"modified":"2024-02-23T14:42:44","modified_gmt":"2024-02-23T14:42:44","slug":"blepharoplastie-superieure","status":"publish","type":"page","link":"https:\/\/doctormarcosales.com\/fr\/specialites\/blepharoplastie-superieure\/","title":{"rendered":"Bl\u00e9pharoplastie Sup\u00e9rieure"},"content":{"rendered":"<div class=\"wpb-content-wrapper\"><p>[vc_row full_width=\u00a0\u00bbstretch_row\u00a0\u00bb equal_height=\u00a0\u00bbyes\u00a0\u00bb][vc_column offset=\u00a0\u00bbvc_col-lg-6 vc_col-md-6&Prime;][vc_column_text]La bl\u00e9pharoplastie sup\u00e9rieure consiste \u00e0 retirer l&rsquo;exc\u00e8s de peau de la paupi\u00e8re sup\u00e9rieure. Cependant, il existe souvent d&rsquo;autres alt\u00e9rations associ\u00e9es dont le traitement est essentiel pour obtenir un bon r\u00e9sultat:[\/vc_column_text][vc_tta_accordion shape=\u00a0\u00bbsquare\u00a0\u00bb c_position=\u00a0\u00bbright\u00a0\u00bb active_section=\u00a0\u00bb1&Prime; no_fill=\u00a0\u00bbtrue\u00a0\u00bb collapsible_all=\u00a0\u00bbtrue\u00a0\u00bb][vc_tta_section title=\u00a0\u00bbPOCHES DE GRAISSE SUP\u00c9RIEURES\u00a0\u00bb tab_id=\u00a0\u00bb1668689690300-f3ba20b3-d409&Prime;][vc_column_text]Elles apparaissent sur la partie de la paupi\u00e8re sup\u00e9rieure proche du nez. Elles sont trait\u00e9es en retirant l&rsquo;exc\u00e8s de graisse au niveau de l&rsquo;incision de bl\u00e9pharoplastie elle-m\u00eame.[\/vc_column_text][\/vc_tta_section][vc_tta_section title=\u00a0\u00bbASYM\u00c9TRIES DES RIDES\u00a0\u00bb tab_id=\u00a0\u00bb1675851460013-511a3805-d8bf\u00a0\u00bb][vc_column_text]Elle n\u00e9cessite une planification minutieuse de la quantit\u00e9 de peau \u00e0 retirer de chaque c\u00f4t\u00e9 afin d&rsquo;obtenir un r\u00e9sultat sym\u00e9trique.[\/vc_column_text][\/vc_tta_section][vc_tta_section title=\u00a0\u00bbPAUPI\u00c8RES TOMBANTES (PTOSIS DES PAUPI\u00c8RES)\u00a0\u00bb tab_id=\u00a0\u00bb1675851474377-2d65c315-c08f\u00a0\u00bb][vc_column_text]Se produit lorsque le muscle releveur de la paupi\u00e8re sup\u00e9rieure se d\u00e9tache du tarse. Il est corrig\u00e9 au cours de la bl\u00e9pharoplastie elle-m\u00eame en recousant le muscle \u00e0 son insertion normale dans le tarse.[\/vc_column_text][\/vc_tta_section][vc_tta_section title=\u00a0\u00bbDES SOURCILS TOMBANTS (PTOSIS DES SOURCILS)\u00a0\u00bb tab_id=\u00a0\u00bb1675851485529-345aa67f-d643&Prime;][vc_column_text]La correction de la ptose des sourcils implique g\u00e9n\u00e9ralement la r\u00e9alisation d\u2019une intervention chirurgicale autre qu\u2019une bl\u00e9pharoplastie, g\u00e9n\u00e9ralement un lifting du front. Si la position des sourcils n\u2019est pas soigneusement \u00e9valu\u00e9e avant la bl\u00e9pharoplastie, il peut sembler qu\u2019il y ait plus d\u2019exc\u00e8s de peau sur la paupi\u00e8re sup\u00e9rieure qu\u2019il n\u2019y en a r\u00e9ellement, augmentant consid\u00e9rablement le risque de complications post-chirurgicales.[\/vc_column_text][\/vc_tta_section][\/vc_tta_accordion][vc_column_text css=\u00a0\u00bb.vc_custom_1708433197053{margin-top: 20px !important;}\u00a0\u00bb]Par cons\u00e9quent, bien qu&rsquo;il s&rsquo;agisse d&rsquo;une technique moins agressive, l&rsquo;\u00e9valuation avant l&rsquo;op\u00e9ration et la planification de celle-ci doivent \u00eatre totalement personnelles et individualis\u00e9es, car c&rsquo;est le seul moyen d&rsquo;atteindre l&rsquo;excellence dans chaque traitement.[\/vc_column_text][\/vc_column][vc_column offset=\u00a0\u00bbvc_col-lg-6 vc_col-md-6&Prime; css=\u00a0\u00bb.vc_custom_1634645121029{padding-bottom: 60px !important;}\u00a0\u00bb]<style type=\"text\/css\" data-type=\"the7_shortcodes-inline-css\">.carousel-shortcode.carousel-shortcode-id-908ac09cc17e79a6a0a42a9245ae2051.owl-carousel .owl-nav div {\n  width: 40px;\n  height: 40px;\n  border-radius: 500px;\n}\n.dt-arrow-border-on.carousel-shortcode.carousel-shortcode-id-908ac09cc17e79a6a0a42a9245ae2051.owl-carousel .owl-nav div:not(:hover):before {\n  border-width: 0px;\n}\n.dt-arrow-hover-border-on.carousel-shortcode.carousel-shortcode-id-908ac09cc17e79a6a0a42a9245ae2051.owl-carousel .owl-nav div:hover:after {\n  border-width: 0px;\n}\n.carousel-shortcode.carousel-shortcode-id-908ac09cc17e79a6a0a42a9245ae2051.owl-carousel .owl-nav div.owl-prev {\n  top: calc(100% + 20px);\n  left: 0px;\n}\n.carousel-shortcode.carousel-shortcode-id-908ac09cc17e79a6a0a42a9245ae2051.owl-carousel .owl-nav div.owl-prev i {\n  padding: 0px 0px 0px 0px;\n}\n.carousel-shortcode.carousel-shortcode-id-908ac09cc17e79a6a0a42a9245ae2051.owl-carousel .owl-nav div.owl-next {\n  top: calc(100% + 20px);\n  right: 0px;\n}\n.carousel-shortcode.carousel-shortcode-id-908ac09cc17e79a6a0a42a9245ae2051.owl-carousel .owl-nav div.owl-next i {\n  padding: 0px 0px 0px 0px;\n}\n.carousel-shortcode.carousel-shortcode-id-908ac09cc17e79a6a0a42a9245ae2051.owl-carousel .owl-nav i {\n  font-size: 24px;\n}\n.carousel-shortcode.carousel-shortcode-id-908ac09cc17e79a6a0a42a9245ae2051.owl-carousel .owl-nav div:not(:hover) i,\n.carousel-shortcode.carousel-shortcode-id-908ac09cc17e79a6a0a42a9245ae2051.owl-carousel .owl-nav div:not(:hover) i:before {\n  color: rgba(0,0,0,0.2);\n  background: none;\n}\n.carousel-shortcode.carousel-shortcode-id-908ac09cc17e79a6a0a42a9245ae2051.owl-carousel .owl-nav div:hover i,\n.carousel-shortcode.carousel-shortcode-id-908ac09cc17e79a6a0a42a9245ae2051.owl-carousel .owl-nav div:hover i:before {\n  color: rgba(0,0,0,0.3);\n  background: none;\n}\n.carousel-shortcode.carousel-shortcode-id-908ac09cc17e79a6a0a42a9245ae2051 .owl-dots {\n  top: calc(100% + 20px);\n  left: 50%;\n  transform: translateX(calc(-50% + 0px));\n}\n@media all and (-ms-high-contrast: none) {\n  .carousel-shortcode.carousel-shortcode-id-908ac09cc17e79a6a0a42a9245ae2051 .owl-dots {\n    transform: translateX(-50%);\n    margin-left: 0px;\n  }\n}\n.carousel-shortcode.carousel-shortcode-id-908ac09cc17e79a6a0a42a9245ae2051 .owl-dot {\n  width: 8px;\n  height: 8px;\n  margin: 0 6px;\n}\n.bullets-scale-up.carousel-shortcode.carousel-shortcode-id-908ac09cc17e79a6a0a42a9245ae2051 .owl-dot:not(.active):not(:hover) span {\n  background: rgba(0,0,0,0.2);\n}\n.bullets-scale-up.carousel-shortcode.carousel-shortcode-id-908ac09cc17e79a6a0a42a9245ae2051 .owl-dot:not(.active):hover span,\n.bullets-scale-up.carousel-shortcode.carousel-shortcode-id-908ac09cc17e79a6a0a42a9245ae2051 .owl-dot.active span {\n  background: rgba(0,0,0,0.3);\n}\n.bullets-stroke.carousel-shortcode.carousel-shortcode-id-908ac09cc17e79a6a0a42a9245ae2051 .owl-dot:not(.active):not(:hover) span {\n  background: rgba(0,0,0,0.2);\n}\n.bullets-stroke.carousel-shortcode.carousel-shortcode-id-908ac09cc17e79a6a0a42a9245ae2051 .owl-dot:not(.active):hover span {\n  background: rgba(0,0,0,0.3);\n}\n.bullets-stroke.carousel-shortcode.carousel-shortcode-id-908ac09cc17e79a6a0a42a9245ae2051 .owl-dot.active span {\n  box-shadow: 0 0 0 2px rgba(0,0,0,0.3);\n}\n.bullets-fill-in.carousel-shortcode.carousel-shortcode-id-908ac09cc17e79a6a0a42a9245ae2051 .owl-dot:not(.active):not(:hover) span {\n  box-shadow: inset 0 0 0 2px rgba(0,0,0,0.2);\n}\n.bullets-fill-in.carousel-shortcode.carousel-shortcode-id-908ac09cc17e79a6a0a42a9245ae2051 .owl-dot:not(.active):hover span {\n  box-shadow: inset 0 0 0 2px rgba(0,0,0,0.3);\n}\n.bullets-fill-in.carousel-shortcode.carousel-shortcode-id-908ac09cc17e79a6a0a42a9245ae2051 .owl-dot.active span {\n  box-shadow: inset 0 0 0 20px rgba(0,0,0,0.3);\n}\n.bullets-small-dot-stroke.carousel-shortcode.carousel-shortcode-id-908ac09cc17e79a6a0a42a9245ae2051 .owl-dot:not(.active):not(:hover) span {\n  background: rgba(0,0,0,0.2);\n}\n.bullets-small-dot-stroke.carousel-shortcode.carousel-shortcode-id-908ac09cc17e79a6a0a42a9245ae2051 .owl-dot:not(.active):hover span,\n.bullets-small-dot-stroke.carousel-shortcode.carousel-shortcode-id-908ac09cc17e79a6a0a42a9245ae2051 .owl-dot.active span {\n  background: rgba(0,0,0,0.3);\n}\n.bullets-small-dot-stroke.carousel-shortcode.carousel-shortcode-id-908ac09cc17e79a6a0a42a9245ae2051 .owl-dot.active {\n  box-shadow: 0 0 0 2px rgba(0,0,0,0.3);\n}\n.bullets-ubax.carousel-shortcode.carousel-shortcode-id-908ac09cc17e79a6a0a42a9245ae2051 .owl-dot span {\n  background: rgba(0,0,0,0.2);\n}\n.bullets-ubax.carousel-shortcode.carousel-shortcode-id-908ac09cc17e79a6a0a42a9245ae2051 .owl-dot.active span {\n  border-color: rgba(0,0,0,0.3);\n}\n.bullets-ubax.carousel-shortcode.carousel-shortcode-id-908ac09cc17e79a6a0a42a9245ae2051 .owl-dot:not(.active):hover span {\n  background: rgba(0,0,0,0.3);\n}\n.bullets-etefu.carousel-shortcode.carousel-shortcode-id-908ac09cc17e79a6a0a42a9245ae2051 .owl-dot span {\n  background: rgba(0,0,0,0.2);\n}\n.bullets-etefu.carousel-shortcode.carousel-shortcode-id-908ac09cc17e79a6a0a42a9245ae2051 .owl-dot:not(.active):hover span {\n  background: rgba(0,0,0,0.3);\n}\n.bullets-etefu.carousel-shortcode.carousel-shortcode-id-908ac09cc17e79a6a0a42a9245ae2051 .owl-dot span:before {\n  background: rgba(0,0,0,0.3);\n}\n.accent-gradient .bullets-etefu.carousel-shortcode.carousel-shortcode-id-908ac09cc17e79a6a0a42a9245ae2051 .owl-dot span:before {\n  background: rgba(0,0,0,0.3);\n}\n@media screen and (max-width: 778px) {\n  .carousel-shortcode.carousel-shortcode-id-908ac09cc17e79a6a0a42a9245ae2051.hide-arrows .owl-nav a {\n    display: none;\n  }\n}\n@media screen and (max-width: 778px) {\n  .carousel-shortcode.carousel-shortcode-id-908ac09cc17e79a6a0a42a9245ae2051.reposition-arrows .owl-nav .owl-prev {\n    top: calc(100% + 20px);\n    left: 10px;\n  }\n  .carousel-shortcode.carousel-shortcode-id-908ac09cc17e79a6a0a42a9245ae2051.reposition-arrows .owl-nav .owl-next {\n    top: calc(100% + 20px);\n    right: 10px;\n  }\n}<\/style><div class=\"owl-carousel carousel-shortcode dt-owl-carousel-call carousel-shortcode-id-908ac09cc17e79a6a0a42a9245ae2051 bullets-scale-up arrows-bg-off disable-arrows-hover-bg arrows-hover-bg-off  \" data-scroll-mode=\"1\" data-col-num=\"1\" data-wide-col-num=\"1\" data-laptop-col=\"1\" data-h-tablet-columns-num=\"1\" data-v-tablet-columns-num=\"1\" data-phone-columns-num=\"1\" data-auto-height=\"true\" data-col-gap=\"30\" data-stage-padding=\"0\" data-speed=\"600\" data-autoplay=\"false\" data-autoplay_speed=\"6000\" data-arrows=\"true\" data-bullet=\"true\" data-next-icon=\"icon-ar-013-r\" data-prev-icon=\"icon-ar-013-l\">[vc_single_image image=\u00a0\u00bb2822&Prime; img_size=\u00a0\u00bbfull\u00a0\u00bb alignment=\u00a0\u00bbcenter\u00a0\u00bb][vc_single_image image=\u00a0\u00bb2813&Prime; img_size=\u00a0\u00bbfull\u00a0\u00bb alignment=\u00a0\u00bbcenter\u00a0\u00bb][vc_single_image image=\u00a0\u00bb2814&Prime; img_size=\u00a0\u00bbfull\u00a0\u00bb alignment=\u00a0\u00bbcenter\u00a0\u00bb][vc_single_image image=\u00a0\u00bb2815&Prime; img_size=\u00a0\u00bbfull\u00a0\u00bb alignment=\u00a0\u00bbcenter\u00a0\u00bb][vc_single_image image=\u00a0\u00bb2816&Prime; img_size=\u00a0\u00bbfull\u00a0\u00bb alignment=\u00a0\u00bbcenter\u00a0\u00bb][vc_single_image image=\u00a0\u00bb2817&Prime; img_size=\u00a0\u00bbfull\u00a0\u00bb alignment=\u00a0\u00bbcenter\u00a0\u00bb][vc_single_image image=\u00a0\u00bb2818&Prime; img_size=\u00a0\u00bbfull\u00a0\u00bb alignment=\u00a0\u00bbcenter\u00a0\u00bb][vc_single_image image=\u00a0\u00bb2819&Prime; img_size=\u00a0\u00bbfull\u00a0\u00bb alignment=\u00a0\u00bbcenter\u00a0\u00bb][vc_single_image image=\u00a0\u00bb2820&Prime; img_size=\u00a0\u00bbfull\u00a0\u00bb alignment=\u00a0\u00bbcenter\u00a0\u00bb]<\/div>[\/vc_column][\/vc_row][vc_row full_width=\u00a0\u00bbstretch_row\u00a0\u00bb gap=\u00a0\u00bb35&Prime; css=\u00a0\u00bb.vc_custom_1677601023380{margin-top: 40px !important;margin-bottom: -80px !important;padding-top: 40px !important;padding-bottom: 40px !important;background-color: #ebe7e4 !important;}\u00a0\u00bb][vc_column]<div id=\"ultimate-heading-21669f86af76f0fe\" class=\"uvc-heading ult-adjust-bottom-margin ultimate-heading-21669f86af76f0fe uvc-3649 accent-border-color\" data-hspacer=\"no_spacer\"  data-halign=\"center\" style=\"text-align:center\"><div class=\"uvc-heading-spacer no_spacer\" style=\"top\"><\/div><div class=\"uvc-main-heading ult-responsive\"  data-ultimate-target='.uvc-heading.ultimate-heading-21669f86af76f0fe h2'  data-responsive-json-new='{\"font-size\":\"desktop:38px;\",\"line-height\":\"desktop:48px;\"}' ><h2 style=\"--font-weight:theme;margin-bottom:10px;\">CONTACTA CON NOSOTROS<\/h2><\/div><\/div>[\/vc_column][vc_column width=\u00a0\u00bb1\/2&Prime;][vc_column_text]<iframe loading=\"lazy\" style=\"border: 0;\" src=\"https:\/\/www.google.com\/maps\/embed?pb=!1m18!1m12!1m3!1d3034.5391623156524!2d-3.7207495840544698!3d40.4854590793572!2m3!1f0!2f0!3f0!3m2!1i1024!2i768!4f13.1!3m3!1m2!1s0xd42298ddaac29b9%3A0xfca42f46f41ac8c9!2sC.%20del%20Valle%20de%20Pinares%20Llanos%2C%203%2C%2028035%20Madrid!5e0!3m2!1ses!2ses!4v1675767263645!5m2!1ses!2ses\" width=\"600\" height=\"450\" allowfullscreen=\"allowfullscreen\"><\/iframe>[\/vc_column_text][vc_column_text]<strong>IMO Grupo Miranza Madrid<\/strong><\/p>\n<p>C\/ del Valle Pinares Llanos, 3, 28305 Madrid<\/p>\n<p>910 783 783[\/vc_column_text][\/vc_column][vc_column width=\u00a0\u00bb1\/2&Prime; css=\u00a0\u00bb.vc_custom_1677598913734{padding-right: 50px !important;padding-left: 50px !important;}\u00a0\u00bb]\n<div class=\"wpcf7 no-js\" id=\"wpcf7-f2706-o1\" lang=\"es-ES\" dir=\"ltr\" data-wpcf7-id=\"2706\">\n<div class=\"screen-reader-response\"><p role=\"status\" aria-live=\"polite\" aria-atomic=\"true\"><\/p> <ul><\/ul><\/div>\n<form action=\"\/fr\/wp-json\/wp\/v2\/pages\/4318#wpcf7-f2706-o1\" method=\"post\" class=\"wpcf7-form init\" aria-label=\"Formulario de contacto\" novalidate=\"novalidate\" data-status=\"init\">\n<fieldset class=\"hidden-fields-container\"><input type=\"hidden\" name=\"_wpcf7\" value=\"2706\" \/><input type=\"hidden\" name=\"_wpcf7_version\" value=\"6.1.5\" \/><input type=\"hidden\" name=\"_wpcf7_locale\" value=\"es_ES\" \/><input type=\"hidden\" name=\"_wpcf7_unit_tag\" value=\"wpcf7-f2706-o1\" \/><input type=\"hidden\" name=\"_wpcf7_container_post\" value=\"0\" \/><input type=\"hidden\" name=\"_wpcf7_posted_data_hash\" value=\"\" \/>\n<\/fieldset>\n<h2 style=\"text-align: center;\", font-weight: bold;>\u00a1PIDE CITA YA!\n<\/h2>\n<p><span class=\"wpcf7-form-control-wrap\" data-name=\"your-name\"><input size=\"40\" maxlength=\"400\" class=\"wpcf7-form-control wpcf7-text wpcf7-validates-as-required\" aria-required=\"true\" aria-invalid=\"false\" placeholder=\"Nombre*\" value=\"\" type=\"text\" name=\"your-name\" \/><\/span><br \/>\n<span class=\"wpcf7-form-control-wrap\" data-name=\"your-email\"><input size=\"40\" maxlength=\"400\" class=\"wpcf7-form-control wpcf7-email wpcf7-validates-as-required wpcf7-text wpcf7-validates-as-email\" aria-required=\"true\" aria-invalid=\"false\" placeholder=\"Tu correo electr\u00f3nico*\" value=\"\" type=\"email\" name=\"your-email\" \/><\/span><br \/>\n<span class=\"wpcf7-form-control-wrap\" data-name=\"your-subject\"><input size=\"40\" maxlength=\"400\" class=\"wpcf7-form-control wpcf7-text wpcf7-validates-as-required\" aria-required=\"true\" aria-invalid=\"false\" placeholder=\"Tel\u00e9fono*\" value=\"\" type=\"text\" name=\"your-subject\" \/><\/span><br \/>\n<span class=\"wpcf7-form-control-wrap\" data-name=\"your-message\"><textarea cols=\"40\" rows=\"3\" maxlength=\"2000\" class=\"wpcf7-form-control wpcf7-textarea wpcf7-validates-as-required\" aria-required=\"true\" aria-invalid=\"false\" placeholder=\"Motivo de la cita\" name=\"your-message\"><\/textarea><\/span>\n<\/p>\n<p><span class=\"wpcf7-form-control-wrap\" data-name=\"acceptance-19\"><span class=\"wpcf7-form-control wpcf7-acceptance\"><span class=\"wpcf7-list-item\"><label><input type=\"checkbox\" name=\"acceptance-19\" value=\"1\" aria-invalid=\"false\" \/><span class=\"wpcf7-list-item-label\">Consiento el tratamiento de mis datos por Dr. Marco Sales con la finalidad de gestionar la solicitud de cita previa. <br>M\u00e1s informaci\u00f3n en nuestra <a href=\"\/politica-de-privacidad\/\" target=\"_blank\" text-style: bold\">Pol\u00edtica de privacidad<\/a><\/span><\/label><\/span><\/span><\/span>\n<\/p>\n<p><span class=\"wpcf7-form-control-wrap\" data-name=\"checkbox-453\"><span class=\"wpcf7-form-control wpcf7-checkbox\"><span class=\"wpcf7-list-item first last\"><input type=\"checkbox\" name=\"checkbox-453[]\" value=\"Deseo recibir informaci\u00f3n sobre las novedades y promociones de Dr. Marco Sales\" \/><span class=\"wpcf7-list-item-label\">Deseo recibir informaci\u00f3n sobre las novedades y promociones de Dr. Marco Sales<\/span><\/span><\/span><\/span>\n<\/p>\n<div align=\"center\">\n\t<p><input class=\"wpcf7-form-control wpcf7-submit has-spinner\" type=\"submit\" value=\"SOLICITAR M\u00c1S INFORMACI\u00d3N\" \/>\n\t<\/p>\n<\/div>\n<p><script>\ndocument.addEventListener( 'wpcf7mailsent', function( event ) {\n location = '\/gracias-por-el-mensaje\/';\n}, false );\n<\/script>\n<\/p><p style=\"display: none !important;\" class=\"akismet-fields-container\" data-prefix=\"_wpcf7_ak_\"><label>&#916;<textarea name=\"_wpcf7_ak_hp_textarea\" cols=\"45\" rows=\"8\" maxlength=\"100\"><\/textarea><\/label><input type=\"hidden\" id=\"ak_js_1\" name=\"_wpcf7_ak_js\" value=\"14\"\/><script>\ndocument.getElementById( \"ak_js_1\" ).setAttribute( \"value\", ( new Date() ).getTime() );\n<\/script>\n<\/p><div class=\"wpcf7-response-output\" aria-hidden=\"true\"><\/div>\n<\/form>\n<\/div>\n[\/vc_column][\/vc_row]<\/p>\n<\/div>","protected":false},"excerpt":{"rendered":"<p>[vc_row full_width=\u00a0\u00bbstretch_row\u00a0\u00bb equal_height=\u00a0\u00bbyes\u00a0\u00bb][vc_column offset=\u00a0\u00bbvc_col-lg-6 vc_col-md-6&Prime;][vc_column_text]La bl\u00e9pharoplastie sup\u00e9rieure consiste \u00e0 retirer l&rsquo;exc\u00e8s de peau de la paupi\u00e8re sup\u00e9rieure. Cependant, il existe souvent d&rsquo;autres alt\u00e9rations associ\u00e9es dont le traitement est essentiel pour obtenir un bon r\u00e9sultat:[\/vc_column_text][vc_tta_accordion shape=\u00a0\u00bbsquare\u00a0\u00bb c_position=\u00a0\u00bbright\u00a0\u00bb active_section=\u00a0\u00bb1&Prime; no_fill=\u00a0\u00bbtrue\u00a0\u00bb collapsible_all=\u00a0\u00bbtrue\u00a0\u00bb][vc_tta_section title=\u00a0\u00bbPOCHES DE GRAISSE SUP\u00c9RIEURES\u00a0\u00bb tab_id=\u00a0\u00bb1668689690300-f3ba20b3-d409&Prime;][vc_column_text]Elles apparaissent sur la partie de la paupi\u00e8re sup\u00e9rieure proche du nez.&hellip;<\/p>\n","protected":false},"author":1,"featured_media":0,"parent":4330,"menu_order":0,"comment_status":"closed","ping_status":"closed","template":"","meta":{"footnotes":""},"class_list":["post-4318","page","type-page","status-publish","hentry","description-off"],"yoast_head":"<!-- This site is optimized with the Yoast SEO plugin v26.9 - https:\/\/yoast.com\/product\/yoast-seo-wordpress\/ -->\n<title>Bl\u00e9pharoplastie Sup\u00e9rieure - Dr. Marco Sales<\/title>\n<meta name=\"description\" content=\"La intervenci\u00f3n de blefaroplastia superior fundamentalmente elimina el exceso de piel en el parpado superior.\" \/>\n<meta name=\"robots\" content=\"index, follow, max-snippet:-1, max-image-preview:large, max-video-preview:-1\" \/>\n<link rel=\"canonical\" href=\"https:\/\/doctormarcosales.com\/fr\/specialites\/blepharoplastie-superieure\/\" \/>\n<meta property=\"og:locale\" content=\"fr_FR\" \/>\n<meta property=\"og:type\" content=\"article\" \/>\n<meta property=\"og:title\" content=\"Bl\u00e9pharoplastie Sup\u00e9rieure - Dr. Marco Sales\" \/>\n<meta property=\"og:description\" content=\"La intervenci\u00f3n de blefaroplastia superior fundamentalmente elimina el exceso de piel en el parpado superior.\" \/>\n<meta property=\"og:url\" content=\"https:\/\/doctormarcosales.com\/fr\/specialites\/blepharoplastie-superieure\/\" \/>\n<meta property=\"og:site_name\" content=\"Dr. Marco Sales\" \/>\n<meta property=\"article:modified_time\" content=\"2024-02-23T14:42:44+00:00\" \/>\n<meta name=\"twitter:card\" content=\"summary_large_image\" \/>\n<meta name=\"twitter:label1\" content=\"Dur\u00e9e de lecture estim\u00e9e\" \/>\n\t<meta name=\"twitter:data1\" content=\"2 minutes\" \/>\n<script type=\"application\/ld+json\" class=\"yoast-schema-graph\">{\"@context\":\"https:\/\/schema.org\",\"@graph\":[{\"@type\":\"WebPage\",\"@id\":\"https:\/\/doctormarcosales.com\/fr\/specialites\/blepharoplastie-superieure\/\",\"url\":\"https:\/\/doctormarcosales.com\/fr\/specialites\/blepharoplastie-superieure\/\",\"name\":\"Bl\u00e9pharoplastie Sup\u00e9rieure - Dr. Marco Sales\",\"isPartOf\":{\"@id\":\"https:\/\/doctormarcosales.com\/#website\"},\"datePublished\":\"2023-02-08T15:36:31+00:00\",\"dateModified\":\"2024-02-23T14:42:44+00:00\",\"description\":\"La intervenci\u00f3n de blefaroplastia superior fundamentalmente elimina el exceso de piel en el parpado superior.\",\"breadcrumb\":{\"@id\":\"https:\/\/doctormarcosales.com\/fr\/specialites\/blepharoplastie-superieure\/#breadcrumb\"},\"inLanguage\":\"fr-FR\",\"potentialAction\":[{\"@type\":\"ReadAction\",\"target\":[\"https:\/\/doctormarcosales.com\/fr\/specialites\/blepharoplastie-superieure\/\"]}]},{\"@type\":\"BreadcrumbList\",\"@id\":\"https:\/\/doctormarcosales.com\/fr\/specialites\/blepharoplastie-superieure\/#breadcrumb\",\"itemListElement\":[{\"@type\":\"ListItem\",\"position\":1,\"name\":\"Portada\",\"item\":\"https:\/\/doctormarcosales.com\/fr\/\"},{\"@type\":\"ListItem\",\"position\":2,\"name\":\"SP\u00c9CIALIT\u00c9S\",\"item\":\"https:\/\/doctormarcosales.com\/fr\/specialites\/\"},{\"@type\":\"ListItem\",\"position\":3,\"name\":\"Bl\u00e9pharoplastie Sup\u00e9rieure\"}]},{\"@type\":\"WebSite\",\"@id\":\"https:\/\/doctormarcosales.com\/#website\",\"url\":\"https:\/\/doctormarcosales.com\/\",\"name\":\"Dr. Marco Sales\",\"description\":\"M\u00e9dico oftalm\u00f3logo especializado en Blefaroplastia\",\"potentialAction\":[{\"@type\":\"SearchAction\",\"target\":{\"@type\":\"EntryPoint\",\"urlTemplate\":\"https:\/\/doctormarcosales.com\/?s={search_term_string}\"},\"query-input\":{\"@type\":\"PropertyValueSpecification\",\"valueRequired\":true,\"valueName\":\"search_term_string\"}}],\"inLanguage\":\"fr-FR\"}]}<\/script>\n<!-- \/ Yoast SEO plugin. -->","yoast_head_json":{"title":"Bl\u00e9pharoplastie Sup\u00e9rieure - Dr. Marco Sales","description":"La intervenci\u00f3n de blefaroplastia superior fundamentalmente elimina el exceso de piel en el parpado superior.","robots":{"index":"index","follow":"follow","max-snippet":"max-snippet:-1","max-image-preview":"max-image-preview:large","max-video-preview":"max-video-preview:-1"},"canonical":"https:\/\/doctormarcosales.com\/fr\/specialites\/blepharoplastie-superieure\/","og_locale":"fr_FR","og_type":"article","og_title":"Bl\u00e9pharoplastie Sup\u00e9rieure - Dr. Marco Sales","og_description":"La intervenci\u00f3n de blefaroplastia superior fundamentalmente elimina el exceso de piel en el parpado superior.","og_url":"https:\/\/doctormarcosales.com\/fr\/specialites\/blepharoplastie-superieure\/","og_site_name":"Dr. Marco Sales","article_modified_time":"2024-02-23T14:42:44+00:00","twitter_card":"summary_large_image","twitter_misc":{"Dur\u00e9e de lecture estim\u00e9e":"2 minutes"},"schema":{"@context":"https:\/\/schema.org","@graph":[{"@type":"WebPage","@id":"https:\/\/doctormarcosales.com\/fr\/specialites\/blepharoplastie-superieure\/","url":"https:\/\/doctormarcosales.com\/fr\/specialites\/blepharoplastie-superieure\/","name":"Bl\u00e9pharoplastie Sup\u00e9rieure - Dr. Marco Sales","isPartOf":{"@id":"https:\/\/doctormarcosales.com\/#website"},"datePublished":"2023-02-08T15:36:31+00:00","dateModified":"2024-02-23T14:42:44+00:00","description":"La intervenci\u00f3n de blefaroplastia superior fundamentalmente elimina el exceso de piel en el parpado superior.","breadcrumb":{"@id":"https:\/\/doctormarcosales.com\/fr\/specialites\/blepharoplastie-superieure\/#breadcrumb"},"inLanguage":"fr-FR","potentialAction":[{"@type":"ReadAction","target":["https:\/\/doctormarcosales.com\/fr\/specialites\/blepharoplastie-superieure\/"]}]},{"@type":"BreadcrumbList","@id":"https:\/\/doctormarcosales.com\/fr\/specialites\/blepharoplastie-superieure\/#breadcrumb","itemListElement":[{"@type":"ListItem","position":1,"name":"Portada","item":"https:\/\/doctormarcosales.com\/fr\/"},{"@type":"ListItem","position":2,"name":"SP\u00c9CIALIT\u00c9S","item":"https:\/\/doctormarcosales.com\/fr\/specialites\/"},{"@type":"ListItem","position":3,"name":"Bl\u00e9pharoplastie Sup\u00e9rieure"}]},{"@type":"WebSite","@id":"https:\/\/doctormarcosales.com\/#website","url":"https:\/\/doctormarcosales.com\/","name":"Dr. Marco Sales","description":"M\u00e9dico oftalm\u00f3logo especializado en Blefaroplastia","potentialAction":[{"@type":"SearchAction","target":{"@type":"EntryPoint","urlTemplate":"https:\/\/doctormarcosales.com\/?s={search_term_string}"},"query-input":{"@type":"PropertyValueSpecification","valueRequired":true,"valueName":"search_term_string"}}],"inLanguage":"fr-FR"}]}},"_links":{"self":[{"href":"https:\/\/doctormarcosales.com\/fr\/wp-json\/wp\/v2\/pages\/4318","targetHints":{"allow":["GET"]}}],"collection":[{"href":"https:\/\/doctormarcosales.com\/fr\/wp-json\/wp\/v2\/pages"}],"about":[{"href":"https:\/\/doctormarcosales.com\/fr\/wp-json\/wp\/v2\/types\/page"}],"author":[{"embeddable":true,"href":"https:\/\/doctormarcosales.com\/fr\/wp-json\/wp\/v2\/users\/1"}],"replies":[{"embeddable":true,"href":"https:\/\/doctormarcosales.com\/fr\/wp-json\/wp\/v2\/comments?post=4318"}],"version-history":[{"count":3,"href":"https:\/\/doctormarcosales.com\/fr\/wp-json\/wp\/v2\/pages\/4318\/revisions"}],"predecessor-version":[{"id":4796,"href":"https:\/\/doctormarcosales.com\/fr\/wp-json\/wp\/v2\/pages\/4318\/revisions\/4796"}],"up":[{"embeddable":true,"href":"https:\/\/doctormarcosales.com\/fr\/wp-json\/wp\/v2\/pages\/4330"}],"wp:attachment":[{"href":"https:\/\/doctormarcosales.com\/fr\/wp-json\/wp\/v2\/media?parent=4318"}],"curies":[{"name":"wp","href":"https:\/\/api.w.org\/{rel}","templated":true}]}}