{"id":4317,"date":"2023-02-09T11:58:45","date_gmt":"2023-02-09T11:58:45","guid":{"rendered":"https:\/\/doctormarcosales.com\/blefaroplastia-inferior\/"},"modified":"2024-02-23T14:42:38","modified_gmt":"2024-02-23T14:42:38","slug":"blepharoplastie-inferieure","status":"publish","type":"page","link":"https:\/\/doctormarcosales.com\/fr\/specialites\/blepharoplastie-inferieure\/","title":{"rendered":"BL\u00c9PHAROPLASTIE INF\u00c9RIEURE"},"content":{"rendered":"<div class=\"wpb-content-wrapper\"><p>[vc_row full_width=\u00a0\u00bbstretch_row\u00a0\u00bb equal_height=\u00a0\u00bbyes\u00a0\u00bb][vc_column offset=\u00a0\u00bbvc_col-lg-6 vc_col-md-6&Prime;][vc_column_text]La bl\u00e9pharoplastie inf\u00e9rieure consiste \u00e0 enlever les poches des paupi\u00e8res inf\u00e9rieures. Avec le vieillissement, d&rsquo;autres alt\u00e9rations associ\u00e9es apparaissent \u00e9galement, ce qui entra\u00eene des variations dans les techniques de bl\u00e9pharoplastie, telles que les suivantes:[\/vc_column_text][vc_tta_accordion shape=\u00a0\u00bbsquare\u00a0\u00bb c_position=\u00a0\u00bbright\u00a0\u00bb active_section=\u00a0\u00bb1&Prime; no_fill=\u00a0\u00bbtrue\u00a0\u00bb collapsible_all=\u00a0\u00bbtrue\u00a0\u00bb][vc_tta_section title=\u00a0\u00bbL&rsquo;APPARITION DE CERNES\u00a0\u00bb tab_id=\u00a0\u00bb1668689690300-f3ba20b3-d409&Prime;][vc_column_text]En raison de la forte fixation de la peau \u00e0 l&rsquo;os sous les poches, le sillon nasojugal (zone de transition entre la paupi\u00e8re, la joue et le nez) est marqu\u00e9 avec l&rsquo;\u00e2ge. Pour am\u00e9liorer le creusement de ce sillon lors d&rsquo;une bl\u00e9pharoplastie, au lieu de retirer l&rsquo;exc\u00e8s de graisse des poches, on repositionne l&rsquo;exc\u00e8s de graisse sous le sillon. Une autre alternative consiste \u00e0 utiliser des produits de comblement \u00e0 base d&rsquo;acide hyaluronique apr\u00e8s la bl\u00e9pharoplastie.[\/vc_column_text][\/vc_tta_section][vc_tta_section title=\u00a0\u00bbPAUPIERES RELACHEES\u00a0\u00bb tab_id=\u00a0\u00bb1675851460013-511a3805-d8bf\u00a0\u00bb][vc_column_text]Une paupi\u00e8re rel\u00e2ch\u00e9e (peu tendue) est l&rsquo;un des principaux facteurs de risque d&rsquo;apparition d&rsquo;un \u0153ilrond apr\u00e8s une bl\u00e9pharoplastie (r\u00e9traction de la paupi\u00e8re inf\u00e9rieure), c&rsquo;est pourquoi elle doit toujours \u00eatre \u00e9valu\u00e9e avant la bl\u00e9pharoplastie afin que, si elle existe, elle puisse \u00eatre corrig\u00e9e au cours de la m\u00eame intervention chirurgicale.[\/vc_column_text][\/vc_tta_section][vc_tta_section title=\u00a0\u00bbJOUE TOMBANTE\u00a0\u00bb tab_id=\u00a0\u00bb1675851474377-2d65c315-c08f\u00a0\u00bb][vc_column_text]Elle survient avec le vieillissement et peut \u00eatre corrig\u00e9e en associant un lifting m\u00e9dian du visage \u00e0 une bl\u00e9pharoplastie.[\/vc_column_text][\/vc_tta_section][\/vc_tta_accordion][vc_column_text css=\u00a0\u00bb.vc_custom_1708434528001{margin-top: 20px !important;}\u00a0\u00bb]L&rsquo;intervention doit \u00eatre totalement individualis\u00e9e pour obtenir un bon r\u00e9sultat et \u00e9viter les complications. Elle est presque toujours r\u00e9alis\u00e9e par voie transconjonctivale (\u00e0 l&rsquo;int\u00e9rieur de la paupi\u00e8re), de sorte qu&rsquo;il n&rsquo;y a pas de cicatrice visible. En outre, la bl\u00e9pharoplastie transconjonctivale r\u00e9duit la dur\u00e9e de l&rsquo;intervention, raccourcit le temps de r\u00e9cup\u00e9ration et r\u00e9duit consid\u00e9rablement le risque de complications, en \u00e9vitant l&rsquo;une des complications les moins souhaitables, \u00e0 savoir l&rsquo;\u0153il rond (r\u00e9traction de la paupi\u00e8re inf\u00e9rieure).[\/vc_column_text][\/vc_column][vc_column offset=\u00a0\u00bbvc_col-lg-6 vc_col-md-6&Prime; css=\u00a0\u00bb.vc_custom_1634645121029{padding-bottom: 60px !important;}\u00a0\u00bb]<style type=\"text\/css\" data-type=\"the7_shortcodes-inline-css\">.carousel-shortcode.carousel-shortcode-id-908ac09cc17e79a6a0a42a9245ae2051.owl-carousel .owl-nav div {\n  width: 40px;\n  height: 40px;\n  border-radius: 500px;\n}\n.dt-arrow-border-on.carousel-shortcode.carousel-shortcode-id-908ac09cc17e79a6a0a42a9245ae2051.owl-carousel .owl-nav div:not(:hover):before {\n  border-width: 0px;\n}\n.dt-arrow-hover-border-on.carousel-shortcode.carousel-shortcode-id-908ac09cc17e79a6a0a42a9245ae2051.owl-carousel .owl-nav div:hover:after {\n  border-width: 0px;\n}\n.carousel-shortcode.carousel-shortcode-id-908ac09cc17e79a6a0a42a9245ae2051.owl-carousel .owl-nav div.owl-prev {\n  top: calc(100% + 20px);\n  left: 0px;\n}\n.carousel-shortcode.carousel-shortcode-id-908ac09cc17e79a6a0a42a9245ae2051.owl-carousel .owl-nav div.owl-prev i {\n  padding: 0px 0px 0px 0px;\n}\n.carousel-shortcode.carousel-shortcode-id-908ac09cc17e79a6a0a42a9245ae2051.owl-carousel .owl-nav div.owl-next {\n  top: calc(100% + 20px);\n  right: 0px;\n}\n.carousel-shortcode.carousel-shortcode-id-908ac09cc17e79a6a0a42a9245ae2051.owl-carousel .owl-nav div.owl-next i {\n  padding: 0px 0px 0px 0px;\n}\n.carousel-shortcode.carousel-shortcode-id-908ac09cc17e79a6a0a42a9245ae2051.owl-carousel .owl-nav i {\n  font-size: 24px;\n}\n.carousel-shortcode.carousel-shortcode-id-908ac09cc17e79a6a0a42a9245ae2051.owl-carousel .owl-nav div:not(:hover) i,\n.carousel-shortcode.carousel-shortcode-id-908ac09cc17e79a6a0a42a9245ae2051.owl-carousel .owl-nav div:not(:hover) i:before {\n  color: rgba(0,0,0,0.2);\n  background: none;\n}\n.carousel-shortcode.carousel-shortcode-id-908ac09cc17e79a6a0a42a9245ae2051.owl-carousel .owl-nav div:hover i,\n.carousel-shortcode.carousel-shortcode-id-908ac09cc17e79a6a0a42a9245ae2051.owl-carousel .owl-nav div:hover i:before {\n  color: rgba(0,0,0,0.3);\n  background: none;\n}\n.carousel-shortcode.carousel-shortcode-id-908ac09cc17e79a6a0a42a9245ae2051 .owl-dots {\n  top: calc(100% + 20px);\n  left: 50%;\n  transform: translateX(calc(-50% + 0px));\n}\n@media all and (-ms-high-contrast: none) {\n  .carousel-shortcode.carousel-shortcode-id-908ac09cc17e79a6a0a42a9245ae2051 .owl-dots {\n    transform: translateX(-50%);\n    margin-left: 0px;\n  }\n}\n.carousel-shortcode.carousel-shortcode-id-908ac09cc17e79a6a0a42a9245ae2051 .owl-dot {\n  width: 8px;\n  height: 8px;\n  margin: 0 6px;\n}\n.bullets-scale-up.carousel-shortcode.carousel-shortcode-id-908ac09cc17e79a6a0a42a9245ae2051 .owl-dot:not(.active):not(:hover) span {\n  background: rgba(0,0,0,0.2);\n}\n.bullets-scale-up.carousel-shortcode.carousel-shortcode-id-908ac09cc17e79a6a0a42a9245ae2051 .owl-dot:not(.active):hover span,\n.bullets-scale-up.carousel-shortcode.carousel-shortcode-id-908ac09cc17e79a6a0a42a9245ae2051 .owl-dot.active span {\n  background: rgba(0,0,0,0.3);\n}\n.bullets-stroke.carousel-shortcode.carousel-shortcode-id-908ac09cc17e79a6a0a42a9245ae2051 .owl-dot:not(.active):not(:hover) span {\n  background: rgba(0,0,0,0.2);\n}\n.bullets-stroke.carousel-shortcode.carousel-shortcode-id-908ac09cc17e79a6a0a42a9245ae2051 .owl-dot:not(.active):hover span {\n  background: rgba(0,0,0,0.3);\n}\n.bullets-stroke.carousel-shortcode.carousel-shortcode-id-908ac09cc17e79a6a0a42a9245ae2051 .owl-dot.active span {\n  box-shadow: 0 0 0 2px rgba(0,0,0,0.3);\n}\n.bullets-fill-in.carousel-shortcode.carousel-shortcode-id-908ac09cc17e79a6a0a42a9245ae2051 .owl-dot:not(.active):not(:hover) span {\n  box-shadow: inset 0 0 0 2px rgba(0,0,0,0.2);\n}\n.bullets-fill-in.carousel-shortcode.carousel-shortcode-id-908ac09cc17e79a6a0a42a9245ae2051 .owl-dot:not(.active):hover span {\n  box-shadow: inset 0 0 0 2px rgba(0,0,0,0.3);\n}\n.bullets-fill-in.carousel-shortcode.carousel-shortcode-id-908ac09cc17e79a6a0a42a9245ae2051 .owl-dot.active span {\n  box-shadow: inset 0 0 0 20px rgba(0,0,0,0.3);\n}\n.bullets-small-dot-stroke.carousel-shortcode.carousel-shortcode-id-908ac09cc17e79a6a0a42a9245ae2051 .owl-dot:not(.active):not(:hover) span {\n  background: rgba(0,0,0,0.2);\n}\n.bullets-small-dot-stroke.carousel-shortcode.carousel-shortcode-id-908ac09cc17e79a6a0a42a9245ae2051 .owl-dot:not(.active):hover span,\n.bullets-small-dot-stroke.carousel-shortcode.carousel-shortcode-id-908ac09cc17e79a6a0a42a9245ae2051 .owl-dot.active span {\n  background: rgba(0,0,0,0.3);\n}\n.bullets-small-dot-stroke.carousel-shortcode.carousel-shortcode-id-908ac09cc17e79a6a0a42a9245ae2051 .owl-dot.active {\n  box-shadow: 0 0 0 2px rgba(0,0,0,0.3);\n}\n.bullets-ubax.carousel-shortcode.carousel-shortcode-id-908ac09cc17e79a6a0a42a9245ae2051 .owl-dot span {\n  background: rgba(0,0,0,0.2);\n}\n.bullets-ubax.carousel-shortcode.carousel-shortcode-id-908ac09cc17e79a6a0a42a9245ae2051 .owl-dot.active span {\n  border-color: rgba(0,0,0,0.3);\n}\n.bullets-ubax.carousel-shortcode.carousel-shortcode-id-908ac09cc17e79a6a0a42a9245ae2051 .owl-dot:not(.active):hover span {\n  background: rgba(0,0,0,0.3);\n}\n.bullets-etefu.carousel-shortcode.carousel-shortcode-id-908ac09cc17e79a6a0a42a9245ae2051 .owl-dot span {\n  background: rgba(0,0,0,0.2);\n}\n.bullets-etefu.carousel-shortcode.carousel-shortcode-id-908ac09cc17e79a6a0a42a9245ae2051 .owl-dot:not(.active):hover span {\n  background: rgba(0,0,0,0.3);\n}\n.bullets-etefu.carousel-shortcode.carousel-shortcode-id-908ac09cc17e79a6a0a42a9245ae2051 .owl-dot span:before {\n  background: rgba(0,0,0,0.3);\n}\n.accent-gradient .bullets-etefu.carousel-shortcode.carousel-shortcode-id-908ac09cc17e79a6a0a42a9245ae2051 .owl-dot span:before {\n  background: rgba(0,0,0,0.3);\n}\n@media screen and (max-width: 778px) {\n  .carousel-shortcode.carousel-shortcode-id-908ac09cc17e79a6a0a42a9245ae2051.hide-arrows .owl-nav a {\n    display: none;\n  }\n}\n@media screen and (max-width: 778px) {\n  .carousel-shortcode.carousel-shortcode-id-908ac09cc17e79a6a0a42a9245ae2051.reposition-arrows .owl-nav .owl-prev {\n    top: calc(100% + 20px);\n    left: 10px;\n  }\n  .carousel-shortcode.carousel-shortcode-id-908ac09cc17e79a6a0a42a9245ae2051.reposition-arrows .owl-nav .owl-next {\n    top: calc(100% + 20px);\n    right: 10px;\n  }\n}<\/style><div class=\"owl-carousel carousel-shortcode dt-owl-carousel-call carousel-shortcode-id-908ac09cc17e79a6a0a42a9245ae2051 bullets-scale-up arrows-bg-off disable-arrows-hover-bg arrows-hover-bg-off  \" data-scroll-mode=\"1\" data-col-num=\"1\" data-wide-col-num=\"1\" data-laptop-col=\"1\" data-h-tablet-columns-num=\"1\" data-v-tablet-columns-num=\"1\" data-phone-columns-num=\"1\" data-auto-height=\"true\" data-col-gap=\"30\" data-stage-padding=\"0\" data-speed=\"600\" data-autoplay=\"false\" data-autoplay_speed=\"6000\" data-arrows=\"true\" data-bullet=\"true\" data-next-icon=\"icon-ar-013-r\" data-prev-icon=\"icon-ar-013-l\">[vc_single_image image=\u00a0\u00bb2822&Prime; img_size=\u00a0\u00bbfull\u00a0\u00bb alignment=\u00a0\u00bbcenter\u00a0\u00bb][vc_single_image image=\u00a0\u00bb2823&Prime; img_size=\u00a0\u00bbfull\u00a0\u00bb alignment=\u00a0\u00bbcenter\u00a0\u00bb][vc_single_image image=\u00a0\u00bb2824&Prime; img_size=\u00a0\u00bbfull\u00a0\u00bb alignment=\u00a0\u00bbcenter\u00a0\u00bb][vc_single_image image=\u00a0\u00bb2825&Prime; img_size=\u00a0\u00bbfull\u00a0\u00bb alignment=\u00a0\u00bbcenter\u00a0\u00bb][vc_single_image image=\u00a0\u00bb2827&Prime; img_size=\u00a0\u00bbfull\u00a0\u00bb alignment=\u00a0\u00bbcenter\u00a0\u00bb][vc_single_image image=\u00a0\u00bb2828&Prime; img_size=\u00a0\u00bbfull\u00a0\u00bb alignment=\u00a0\u00bbcenter\u00a0\u00bb][vc_single_image image=\u00a0\u00bb2829&Prime; img_size=\u00a0\u00bbfull\u00a0\u00bb alignment=\u00a0\u00bbcenter\u00a0\u00bb][vc_single_image image=\u00a0\u00bb2830&Prime; img_size=\u00a0\u00bbfull\u00a0\u00bb alignment=\u00a0\u00bbcenter\u00a0\u00bb][vc_single_image image=\u00a0\u00bb2831&Prime; img_size=\u00a0\u00bbfull\u00a0\u00bb alignment=\u00a0\u00bbcenter\u00a0\u00bb]<\/div>[\/vc_column][\/vc_row][vc_row full_width=\u00a0\u00bbstretch_row\u00a0\u00bb gap=\u00a0\u00bb35&Prime; css=\u00a0\u00bb.vc_custom_1677601023380{margin-top: 40px !important;margin-bottom: -80px !important;padding-top: 40px !important;padding-bottom: 40px !important;background-color: #ebe7e4 !important;}\u00a0\u00bb][vc_column]<div id=\"ultimate-heading-798169d38312c5477\" class=\"uvc-heading ult-adjust-bottom-margin ultimate-heading-798169d38312c5477 uvc-2578 accent-border-color\" data-hspacer=\"no_spacer\"  data-halign=\"center\" style=\"text-align:center\"><div class=\"uvc-heading-spacer no_spacer\" style=\"top\"><\/div><div class=\"uvc-main-heading ult-responsive\"  data-ultimate-target='.uvc-heading.ultimate-heading-798169d38312c5477 h2'  data-responsive-json-new='{\"font-size\":\"desktop:38px;\",\"line-height\":\"desktop:48px;\"}' ><h2 style=\"--font-weight:theme;margin-bottom:10px;\">CONTACTA CON NOSOTROS<\/h2><\/div><\/div>[\/vc_column][vc_column width=\u00a0\u00bb1\/2&Prime;][vc_column_text]<iframe loading=\"lazy\" style=\"border: 0;\" src=\"https:\/\/www.google.com\/maps\/embed?pb=!1m18!1m12!1m3!1d3034.5391623156524!2d-3.7207495840544698!3d40.4854590793572!2m3!1f0!2f0!3f0!3m2!1i1024!2i768!4f13.1!3m3!1m2!1s0xd42298ddaac29b9%3A0xfca42f46f41ac8c9!2sC.%20del%20Valle%20de%20Pinares%20Llanos%2C%203%2C%2028035%20Madrid!5e0!3m2!1ses!2ses!4v1675767263645!5m2!1ses!2ses\" width=\"600\" height=\"450\" allowfullscreen=\"allowfullscreen\"><\/iframe>[\/vc_column_text][vc_column_text]<strong>IMO Grupo Miranza Madrid<\/strong><\/p>\n<p>C\/ del Valle Pinares Llanos, 3, 28305 Madrid<\/p>\n<p>910 783 783[\/vc_column_text][\/vc_column][vc_column width=\u00a0\u00bb1\/2&Prime; css=\u00a0\u00bb.vc_custom_1677598913734{padding-right: 50px !important;padding-left: 50px !important;}\u00a0\u00bb]\n<div class=\"wpcf7 no-js\" id=\"wpcf7-f2706-o1\" lang=\"es-ES\" dir=\"ltr\" data-wpcf7-id=\"2706\">\n<div class=\"screen-reader-response\"><p role=\"status\" aria-live=\"polite\" aria-atomic=\"true\"><\/p> <ul><\/ul><\/div>\n<form action=\"\/fr\/wp-json\/wp\/v2\/pages\/4317#wpcf7-f2706-o1\" method=\"post\" class=\"wpcf7-form init\" aria-label=\"Formulario de contacto\" novalidate=\"novalidate\" data-status=\"init\">\n<fieldset class=\"hidden-fields-container\"><input type=\"hidden\" name=\"_wpcf7\" value=\"2706\" \/><input type=\"hidden\" name=\"_wpcf7_version\" value=\"6.1.5\" \/><input type=\"hidden\" name=\"_wpcf7_locale\" value=\"es_ES\" \/><input type=\"hidden\" name=\"_wpcf7_unit_tag\" value=\"wpcf7-f2706-o1\" \/><input type=\"hidden\" name=\"_wpcf7_container_post\" value=\"0\" \/><input type=\"hidden\" name=\"_wpcf7_posted_data_hash\" value=\"\" \/>\n<\/fieldset>\n<h2 style=\"text-align: center;\", font-weight: bold;>\u00a1PIDE CITA YA!\n<\/h2>\n<p><span class=\"wpcf7-form-control-wrap\" data-name=\"your-name\"><input size=\"40\" maxlength=\"400\" class=\"wpcf7-form-control wpcf7-text wpcf7-validates-as-required\" aria-required=\"true\" aria-invalid=\"false\" placeholder=\"Nombre*\" value=\"\" type=\"text\" name=\"your-name\" \/><\/span><br \/>\n<span class=\"wpcf7-form-control-wrap\" data-name=\"your-email\"><input size=\"40\" maxlength=\"400\" class=\"wpcf7-form-control wpcf7-email wpcf7-validates-as-required wpcf7-text wpcf7-validates-as-email\" aria-required=\"true\" aria-invalid=\"false\" placeholder=\"Tu correo electr\u00f3nico*\" value=\"\" type=\"email\" name=\"your-email\" \/><\/span><br \/>\n<span class=\"wpcf7-form-control-wrap\" data-name=\"your-subject\"><input size=\"40\" maxlength=\"400\" class=\"wpcf7-form-control wpcf7-text wpcf7-validates-as-required\" aria-required=\"true\" aria-invalid=\"false\" placeholder=\"Tel\u00e9fono*\" value=\"\" type=\"text\" name=\"your-subject\" \/><\/span><br \/>\n<span class=\"wpcf7-form-control-wrap\" data-name=\"your-message\"><textarea cols=\"40\" rows=\"3\" maxlength=\"2000\" class=\"wpcf7-form-control wpcf7-textarea wpcf7-validates-as-required\" aria-required=\"true\" aria-invalid=\"false\" placeholder=\"Motivo de la cita\" name=\"your-message\"><\/textarea><\/span>\n<\/p>\n<p><span class=\"wpcf7-form-control-wrap\" data-name=\"acceptance-19\"><span class=\"wpcf7-form-control wpcf7-acceptance\"><span class=\"wpcf7-list-item\"><label><input type=\"checkbox\" name=\"acceptance-19\" value=\"1\" aria-invalid=\"false\" \/><span class=\"wpcf7-list-item-label\">Consiento el tratamiento de mis datos por Dr. Marco Sales con la finalidad de gestionar la solicitud de cita previa. <br>M\u00e1s informaci\u00f3n en nuestra <a href=\"\/politica-de-privacidad\/\" target=\"_blank\" text-style: bold\">Pol\u00edtica de privacidad<\/a><\/span><\/label><\/span><\/span><\/span>\n<\/p>\n<p><span class=\"wpcf7-form-control-wrap\" data-name=\"checkbox-453\"><span class=\"wpcf7-form-control wpcf7-checkbox\"><span class=\"wpcf7-list-item first last\"><input type=\"checkbox\" name=\"checkbox-453[]\" value=\"Deseo recibir informaci\u00f3n sobre las novedades y promociones de Dr. Marco Sales\" \/><span class=\"wpcf7-list-item-label\">Deseo recibir informaci\u00f3n sobre las novedades y promociones de Dr. Marco Sales<\/span><\/span><\/span><\/span>\n<\/p>\n<div align=\"center\">\n\t<p><input class=\"wpcf7-form-control wpcf7-submit has-spinner\" type=\"submit\" value=\"SOLICITAR M\u00c1S INFORMACI\u00d3N\" \/>\n\t<\/p>\n<\/div>\n<p><script>\ndocument.addEventListener( 'wpcf7mailsent', function( event ) {\n location = '\/gracias-por-el-mensaje\/';\n}, false );\n<\/script>\n<\/p><p style=\"display: none !important;\" class=\"akismet-fields-container\" data-prefix=\"_wpcf7_ak_\"><label>&#916;<textarea name=\"_wpcf7_ak_hp_textarea\" cols=\"45\" rows=\"8\" maxlength=\"100\"><\/textarea><\/label><input type=\"hidden\" id=\"ak_js_1\" name=\"_wpcf7_ak_js\" value=\"7\"\/><script>document.getElementById( \"ak_js_1\" ).setAttribute( \"value\", ( new Date() ).getTime() );<\/script><\/p><div class=\"wpcf7-response-output\" aria-hidden=\"true\"><\/div>\n<\/form>\n<\/div>\n[\/vc_column][\/vc_row]<\/p>\n<\/div>","protected":false},"excerpt":{"rendered":"<p>[vc_row full_width=\u00a0\u00bbstretch_row\u00a0\u00bb equal_height=\u00a0\u00bbyes\u00a0\u00bb][vc_column offset=\u00a0\u00bbvc_col-lg-6 vc_col-md-6&Prime;][vc_column_text]La bl\u00e9pharoplastie inf\u00e9rieure consiste \u00e0 enlever les poches des paupi\u00e8res inf\u00e9rieures. Avec le vieillissement, d&rsquo;autres alt\u00e9rations associ\u00e9es apparaissent \u00e9galement, ce qui entra\u00eene des variations dans les techniques de bl\u00e9pharoplastie, telles que les suivantes:[\/vc_column_text][vc_tta_accordion shape=\u00a0\u00bbsquare\u00a0\u00bb c_position=\u00a0\u00bbright\u00a0\u00bb active_section=\u00a0\u00bb1&Prime; no_fill=\u00a0\u00bbtrue\u00a0\u00bb collapsible_all=\u00a0\u00bbtrue\u00a0\u00bb][vc_tta_section title=\u00a0\u00bbL&rsquo;APPARITION DE CERNES\u00a0\u00bb tab_id=\u00a0\u00bb1668689690300-f3ba20b3-d409&Prime;][vc_column_text]En raison de la forte fixation de la peau \u00e0&hellip;<\/p>\n","protected":false},"author":1,"featured_media":0,"parent":4330,"menu_order":0,"comment_status":"closed","ping_status":"closed","template":"","meta":{"footnotes":""},"class_list":["post-4317","page","type-page","status-publish","hentry","description-off"],"yoast_head":"<!-- This site is optimized with the Yoast SEO plugin v26.9 - https:\/\/yoast.com\/product\/yoast-seo-wordpress\/ -->\n<title>BL\u00c9PHAROPLASTIE INF\u00c9RIEURE - Dr. Marco Sales<\/title>\n<meta name=\"description\" content=\"La intervenci\u00f3n de blefaroplastia inferior se realiza fundamentalmente para eliminar las bolsas de los p\u00e1rpados inferiores.\" \/>\n<meta name=\"robots\" content=\"index, follow, max-snippet:-1, max-image-preview:large, max-video-preview:-1\" \/>\n<link rel=\"canonical\" href=\"https:\/\/doctormarcosales.com\/fr\/specialites\/blepharoplastie-inferieure\/\" \/>\n<meta property=\"og:locale\" content=\"fr_FR\" \/>\n<meta property=\"og:type\" content=\"article\" \/>\n<meta property=\"og:title\" content=\"BL\u00c9PHAROPLASTIE INF\u00c9RIEURE - Dr. Marco Sales\" \/>\n<meta property=\"og:description\" content=\"La intervenci\u00f3n de blefaroplastia inferior se realiza fundamentalmente para eliminar las bolsas de los p\u00e1rpados inferiores.\" \/>\n<meta property=\"og:url\" content=\"https:\/\/doctormarcosales.com\/fr\/specialites\/blepharoplastie-inferieure\/\" \/>\n<meta property=\"og:site_name\" content=\"Dr. Marco Sales\" \/>\n<meta property=\"article:modified_time\" content=\"2024-02-23T14:42:38+00:00\" \/>\n<meta name=\"twitter:card\" content=\"summary_large_image\" \/>\n<meta name=\"twitter:label1\" content=\"Dur\u00e9e de lecture estim\u00e9e\" \/>\n\t<meta name=\"twitter:data1\" content=\"2 minutes\" \/>\n<script type=\"application\/ld+json\" class=\"yoast-schema-graph\">{\"@context\":\"https:\/\/schema.org\",\"@graph\":[{\"@type\":\"WebPage\",\"@id\":\"https:\/\/doctormarcosales.com\/fr\/specialites\/blepharoplastie-inferieure\/\",\"url\":\"https:\/\/doctormarcosales.com\/fr\/specialites\/blepharoplastie-inferieure\/\",\"name\":\"BL\u00c9PHAROPLASTIE INF\u00c9RIEURE - Dr. Marco Sales\",\"isPartOf\":{\"@id\":\"https:\/\/doctormarcosales.com\/#website\"},\"datePublished\":\"2023-02-09T11:58:45+00:00\",\"dateModified\":\"2024-02-23T14:42:38+00:00\",\"description\":\"La intervenci\u00f3n de blefaroplastia inferior se realiza fundamentalmente para eliminar las bolsas de los p\u00e1rpados inferiores.\",\"breadcrumb\":{\"@id\":\"https:\/\/doctormarcosales.com\/fr\/specialites\/blepharoplastie-inferieure\/#breadcrumb\"},\"inLanguage\":\"fr-FR\",\"potentialAction\":[{\"@type\":\"ReadAction\",\"target\":[\"https:\/\/doctormarcosales.com\/fr\/specialites\/blepharoplastie-inferieure\/\"]}]},{\"@type\":\"BreadcrumbList\",\"@id\":\"https:\/\/doctormarcosales.com\/fr\/specialites\/blepharoplastie-inferieure\/#breadcrumb\",\"itemListElement\":[{\"@type\":\"ListItem\",\"position\":1,\"name\":\"Portada\",\"item\":\"https:\/\/doctormarcosales.com\/fr\/\"},{\"@type\":\"ListItem\",\"position\":2,\"name\":\"SP\u00c9CIALIT\u00c9S\",\"item\":\"https:\/\/doctormarcosales.com\/fr\/specialites\/\"},{\"@type\":\"ListItem\",\"position\":3,\"name\":\"BL\u00c9PHAROPLASTIE INF\u00c9RIEURE\"}]},{\"@type\":\"WebSite\",\"@id\":\"https:\/\/doctormarcosales.com\/#website\",\"url\":\"https:\/\/doctormarcosales.com\/\",\"name\":\"Dr. Marco Sales\",\"description\":\"M\u00e9dico oftalm\u00f3logo especializado en Blefaroplastia\",\"potentialAction\":[{\"@type\":\"SearchAction\",\"target\":{\"@type\":\"EntryPoint\",\"urlTemplate\":\"https:\/\/doctormarcosales.com\/?s={search_term_string}\"},\"query-input\":{\"@type\":\"PropertyValueSpecification\",\"valueRequired\":true,\"valueName\":\"search_term_string\"}}],\"inLanguage\":\"fr-FR\"}]}<\/script>\n<!-- \/ Yoast SEO plugin. -->","yoast_head_json":{"title":"BL\u00c9PHAROPLASTIE INF\u00c9RIEURE - Dr. Marco Sales","description":"La intervenci\u00f3n de blefaroplastia inferior se realiza fundamentalmente para eliminar las bolsas de los p\u00e1rpados inferiores.","robots":{"index":"index","follow":"follow","max-snippet":"max-snippet:-1","max-image-preview":"max-image-preview:large","max-video-preview":"max-video-preview:-1"},"canonical":"https:\/\/doctormarcosales.com\/fr\/specialites\/blepharoplastie-inferieure\/","og_locale":"fr_FR","og_type":"article","og_title":"BL\u00c9PHAROPLASTIE INF\u00c9RIEURE - Dr. Marco Sales","og_description":"La intervenci\u00f3n de blefaroplastia inferior se realiza fundamentalmente para eliminar las bolsas de los p\u00e1rpados inferiores.","og_url":"https:\/\/doctormarcosales.com\/fr\/specialites\/blepharoplastie-inferieure\/","og_site_name":"Dr. Marco Sales","article_modified_time":"2024-02-23T14:42:38+00:00","twitter_card":"summary_large_image","twitter_misc":{"Dur\u00e9e de lecture estim\u00e9e":"2 minutes"},"schema":{"@context":"https:\/\/schema.org","@graph":[{"@type":"WebPage","@id":"https:\/\/doctormarcosales.com\/fr\/specialites\/blepharoplastie-inferieure\/","url":"https:\/\/doctormarcosales.com\/fr\/specialites\/blepharoplastie-inferieure\/","name":"BL\u00c9PHAROPLASTIE INF\u00c9RIEURE - Dr. Marco Sales","isPartOf":{"@id":"https:\/\/doctormarcosales.com\/#website"},"datePublished":"2023-02-09T11:58:45+00:00","dateModified":"2024-02-23T14:42:38+00:00","description":"La intervenci\u00f3n de blefaroplastia inferior se realiza fundamentalmente para eliminar las bolsas de los p\u00e1rpados inferiores.","breadcrumb":{"@id":"https:\/\/doctormarcosales.com\/fr\/specialites\/blepharoplastie-inferieure\/#breadcrumb"},"inLanguage":"fr-FR","potentialAction":[{"@type":"ReadAction","target":["https:\/\/doctormarcosales.com\/fr\/specialites\/blepharoplastie-inferieure\/"]}]},{"@type":"BreadcrumbList","@id":"https:\/\/doctormarcosales.com\/fr\/specialites\/blepharoplastie-inferieure\/#breadcrumb","itemListElement":[{"@type":"ListItem","position":1,"name":"Portada","item":"https:\/\/doctormarcosales.com\/fr\/"},{"@type":"ListItem","position":2,"name":"SP\u00c9CIALIT\u00c9S","item":"https:\/\/doctormarcosales.com\/fr\/specialites\/"},{"@type":"ListItem","position":3,"name":"BL\u00c9PHAROPLASTIE INF\u00c9RIEURE"}]},{"@type":"WebSite","@id":"https:\/\/doctormarcosales.com\/#website","url":"https:\/\/doctormarcosales.com\/","name":"Dr. Marco Sales","description":"M\u00e9dico oftalm\u00f3logo especializado en Blefaroplastia","potentialAction":[{"@type":"SearchAction","target":{"@type":"EntryPoint","urlTemplate":"https:\/\/doctormarcosales.com\/?s={search_term_string}"},"query-input":{"@type":"PropertyValueSpecification","valueRequired":true,"valueName":"search_term_string"}}],"inLanguage":"fr-FR"}]}},"_links":{"self":[{"href":"https:\/\/doctormarcosales.com\/fr\/wp-json\/wp\/v2\/pages\/4317","targetHints":{"allow":["GET"]}}],"collection":[{"href":"https:\/\/doctormarcosales.com\/fr\/wp-json\/wp\/v2\/pages"}],"about":[{"href":"https:\/\/doctormarcosales.com\/fr\/wp-json\/wp\/v2\/types\/page"}],"author":[{"embeddable":true,"href":"https:\/\/doctormarcosales.com\/fr\/wp-json\/wp\/v2\/users\/1"}],"replies":[{"embeddable":true,"href":"https:\/\/doctormarcosales.com\/fr\/wp-json\/wp\/v2\/comments?post=4317"}],"version-history":[{"count":3,"href":"https:\/\/doctormarcosales.com\/fr\/wp-json\/wp\/v2\/pages\/4317\/revisions"}],"predecessor-version":[{"id":4795,"href":"https:\/\/doctormarcosales.com\/fr\/wp-json\/wp\/v2\/pages\/4317\/revisions\/4795"}],"up":[{"embeddable":true,"href":"https:\/\/doctormarcosales.com\/fr\/wp-json\/wp\/v2\/pages\/4330"}],"wp:attachment":[{"href":"https:\/\/doctormarcosales.com\/fr\/wp-json\/wp\/v2\/media?parent=4317"}],"curies":[{"name":"wp","href":"https:\/\/api.w.org\/{rel}","templated":true}]}}