{"id":3406,"date":"2023-02-10T15:00:07","date_gmt":"2023-02-10T15:00:07","guid":{"rendered":"https:\/\/doctormarcosales.com\/especialidades\/obstruccion-en-adultos\/"},"modified":"2024-02-22T10:06:22","modified_gmt":"2024-02-22T10:06:22","slug":"obstruction-in-adults","status":"publish","type":"page","link":"https:\/\/doctormarcosales.com\/en\/specialties\/obstruction-in-adults\/","title":{"rendered":"Obstruction in Adults"},"content":{"rendered":"<div class=\"wpb-content-wrapper\"><p>[vc_row full_width=&#8221;stretch_row&#8221; equal_height=&#8221;yes&#8221;][vc_column offset=&#8221;vc_col-lg-6 vc_col-md-6&#8243;][vc_column_text]Obstruction of the nasolacrimal duct (commonly called &#8220;Rija&#8221;) is a very frequent cause of tearing. In addition to tearing, it also often leads to recurrent conjunctivitis, as the lacrimal sac acts as a reservoir for bacteria. Sometimes the lacrimal sac can dilate and produce a lump on the inner canthus, which, if infected, causes a lot of pain and signs of infection in the area.<\/p>\n<p>Treatment of nasolacrimal duct obstruction in adults is always surgery. There is no medical treatment that cures the obstruction. The aim of surgery is not to re-drain the obstructed duct, but to create a new drainage route from the lacrimal sac to the nose. This surgery is called Dacryocystorhinostomy (DCR). Dacryocystorhinostomy eliminates both tearing and recurrent conjunctivitis.<\/p>\n<p>There are 3 ways to perform Dacryocystorhinostomy: external, endonasal or transcanalicular laser.[\/vc_column_text][vc_tta_accordion shape=&#8221;square&#8221; c_position=&#8221;right&#8221; active_section=&#8221;1&#8243; no_fill=&#8221;true&#8221; collapsible_all=&#8221;true&#8221;][vc_tta_section title=&#8221;DCR EXTERNAL&#8221; tab_id=&#8221;1668689690300-f3ba20b3-d409&#8243;][vc_column_text]This is considered the &#8220;gold standard&#8221; surgery. It is performed through a small incision in the skin between the nose and the eye, generally more or less where the glasses rest. It is the one with the best rate of results, being between 90-95%. This means that only 5-10% of patients will have the communication that has been made closed again. It is the most versatile form and the one that best allows you to control any unforeseen event that may occur during surgery. It is performed under local anaesthesia and intravenous sedation so that the patient is at ease, and is performed on an outpatient basis, i.e. it does not require hospitalisation. The surgery and postoperative period are painless and recovery is quick, and the patient can return to normal life within a few days. The only drawback of external DCR is that there is a small risk of visible scarring. However, if certain precautions are followed at the time of incision placement and during surgery, only less than 3% of patients have a scar that they consider aesthetically unfavourable. In these cases, minor surgery can be performed on the scar to improve it.[\/vc_column_text][\/vc_tta_section][vc_tta_section title=&#8221;DCR ENDONASAL&#8221; tab_id=&#8221;1675851460013-511a3805-d8bf&#8221;][vc_column_text]Instead of making a cut in the skin, it is done through the nose, with the use of the endoscope, so its main advantage is that it has no visible scar. It has a slightly lower success rate than external surgery, so it is slightly less effective. In addition, in many cases it needs to be done under general anaesthesia, as it is difficult to fully anaesthetise the nose to be able to work through it without pain for the patient.[\/vc_column_text][\/vc_tta_section][vc_tta_section title=&#8221;TRANSCANALICULAR LASER DCR&#8221; tab_id=&#8221;1675851474377-2d65c315-c08f&#8221;][vc_column_text]It employs fine laser probe through the natural lacrimal pathway, making it the least invasive of all methods. Its advantage lies in the fact that it can be performed on patients with coagulation issues or those taking anticoagulants like warfarin. However, its major drawback is its low success rate, with a very high percentage of failures. As a result, it is recommended only in very exceptional cases.[\/vc_column_text][\/vc_tta_section][\/vc_tta_accordion][vc_column_text css=&#8221;.vc_custom_1695736578322{margin-top: 20px !important;}&#8221;]Dr. Marco Sales generally recommends external Dacryocystorhinostomy as the first option, as it has the highest success rate, can be performed under local anaesthesia and without hospitalisation, and the likelihood of unfavourable scarring is very small.[\/vc_column_text][\/vc_column][vc_column offset=&#8221;vc_col-lg-6 vc_col-md-6&#8243; css=&#8221;.vc_custom_1634645121029{padding-bottom: 60px !important;}&#8221;][vc_single_image image=&#8221;2363&#8243; img_size=&#8221;full&#8221; alignment=&#8221;center&#8221;][vc_single_image image=&#8221;2359&#8243; img_size=&#8221;full&#8221; alignment=&#8221;center&#8221;][\/vc_column][\/vc_row][vc_row full_width=&#8221;stretch_row&#8221; gap=&#8221;35&#8243; css=&#8221;.vc_custom_1677601023380{margin-top: 40px !important;margin-bottom: -80px !important;padding-top: 40px !important;padding-bottom: 40px !important;background-color: #ebe7e4 !important;}&#8221;][vc_column]<div id=\"ultimate-heading-18169ea2c26bdb88\" class=\"uvc-heading ult-adjust-bottom-margin ultimate-heading-18169ea2c26bdb88 uvc-1415 accent-border-color\" data-hspacer=\"no_spacer\"  data-halign=\"center\" style=\"text-align:center\"><div class=\"uvc-heading-spacer no_spacer\" style=\"top\"><\/div><div class=\"uvc-main-heading ult-responsive\"  data-ultimate-target='.uvc-heading.ultimate-heading-18169ea2c26bdb88 h2'  data-responsive-json-new='{\"font-size\":\"desktop:38px;\",\"line-height\":\"desktop:48px;\"}' ><h2 style=\"--font-weight:theme;margin-bottom:10px;\">CONTACT US<\/h2><\/div><\/div>[\/vc_column][vc_column width=&#8221;1\/2&#8243;][vc_column_text]<iframe loading=\"lazy\" style=\"border: 0;\" src=\"https:\/\/www.google.com\/maps\/embed?pb=!1m18!1m12!1m3!1d3034.5391623156524!2d-3.7207495840544698!3d40.4854590793572!2m3!1f0!2f0!3f0!3m2!1i1024!2i768!4f13.1!3m3!1m2!1s0xd42298ddaac29b9%3A0xfca42f46f41ac8c9!2sC.%20del%20Valle%20de%20Pinares%20Llanos%2C%203%2C%2028035%20Madrid!5e0!3m2!1ses!2ses!4v1675767263645!5m2!1ses!2ses\" width=\"600\" height=\"450\" allowfullscreen=\"allowfullscreen\"><\/iframe>[\/vc_column_text][vc_column_text]<strong>IMO Grupo Miranza Madrid<\/strong><\/p>\n<p>C\/ del Valle Pinares Llanos, 3, 28305 Madrid<\/p>\n<p>910 783 783[\/vc_column_text][\/vc_column][vc_column width=&#8221;1\/2&#8243; css=&#8221;.vc_custom_1677598913734{padding-right: 50px !important;padding-left: 50px !important;}&#8221;]\n<div class=\"wpcf7 no-js\" id=\"wpcf7-f3452-o1\" lang=\"es-ES\" dir=\"ltr\" data-wpcf7-id=\"3452\">\n<div class=\"screen-reader-response\"><p role=\"status\" aria-live=\"polite\" aria-atomic=\"true\"><\/p> <ul><\/ul><\/div>\n<form action=\"\/en\/wp-json\/wp\/v2\/pages\/3406#wpcf7-f3452-o1\" method=\"post\" class=\"wpcf7-form init\" aria-label=\"Formulario de contacto\" novalidate=\"novalidate\" data-status=\"init\">\n<fieldset class=\"hidden-fields-container\"><input type=\"hidden\" name=\"_wpcf7\" value=\"3452\" \/><input type=\"hidden\" name=\"_wpcf7_version\" value=\"6.1.5\" \/><input type=\"hidden\" name=\"_wpcf7_locale\" value=\"es_ES\" \/><input type=\"hidden\" name=\"_wpcf7_unit_tag\" value=\"wpcf7-f3452-o1\" \/><input type=\"hidden\" name=\"_wpcf7_container_post\" value=\"0\" \/><input type=\"hidden\" name=\"_wpcf7_posted_data_hash\" value=\"\" \/>\n<\/fieldset>\n<h2 style=\"text-align: center;\", font-weight: bold;>MAKE AN APPOINTMENT NOW!\n<\/h2>\n<p><span class=\"wpcf7-form-control-wrap\" data-name=\"your-name\"><input size=\"40\" maxlength=\"400\" class=\"wpcf7-form-control wpcf7-text wpcf7-validates-as-required\" aria-required=\"true\" aria-invalid=\"false\" placeholder=\"Name*\" value=\"\" type=\"text\" name=\"your-name\" \/><\/span><br \/>\n<span class=\"wpcf7-form-control-wrap\" data-name=\"your-email\"><input size=\"40\" maxlength=\"400\" class=\"wpcf7-form-control wpcf7-email wpcf7-validates-as-required wpcf7-text wpcf7-validates-as-email\" aria-required=\"true\" aria-invalid=\"false\" placeholder=\"E-mail*\" value=\"\" type=\"email\" name=\"your-email\" \/><\/span><br \/>\n<span class=\"wpcf7-form-control-wrap\" data-name=\"your-subject\"><input size=\"40\" maxlength=\"400\" class=\"wpcf7-form-control wpcf7-text wpcf7-validates-as-required\" aria-required=\"true\" aria-invalid=\"false\" placeholder=\"Phone number*\" value=\"\" type=\"text\" name=\"your-subject\" \/><\/span><br \/>\n<span class=\"wpcf7-form-control-wrap\" data-name=\"your-message\"><textarea cols=\"40\" rows=\"3\" maxlength=\"2000\" class=\"wpcf7-form-control wpcf7-textarea wpcf7-validates-as-required\" aria-required=\"true\" aria-invalid=\"false\" placeholder=\"Reason for appointment\" name=\"your-message\"><\/textarea><\/span>\n<\/p>\n<p><span class=\"wpcf7-form-control-wrap\" data-name=\"acceptance-19\"><span class=\"wpcf7-form-control wpcf7-acceptance\"><span class=\"wpcf7-list-item\"><label><input type=\"checkbox\" name=\"acceptance-19\" value=\"1\" aria-invalid=\"false\" \/><span class=\"wpcf7-list-item-label\">I consent to the processing of my data by Dr. Marco Sales for the purpose of managing the appointment request. <br>More information in our <a href=\"\/politica-de-privacidad\/\" target=\"_blank\" text-style: bold\">Privacy Policy <\/a><\/span><\/label><\/span><\/span><\/span>\n<\/p>\n<p><span class=\"wpcf7-form-control-wrap\" data-name=\"checkbox-453\"><span class=\"wpcf7-form-control wpcf7-checkbox\"><span class=\"wpcf7-list-item first last\"><input type=\"checkbox\" name=\"checkbox-453[]\" value=\"I wish to receive information about news and promotions from Dr. Marco Sales\" \/><span class=\"wpcf7-list-item-label\">I wish to receive information about news and promotions from Dr. Marco Sales<\/span><\/span><\/span><\/span>\n<\/p>\n<div align=\"center\">\n\t<p><input class=\"wpcf7-form-control wpcf7-submit has-spinner\" type=\"submit\" value=\"ASK FOR MORE INFORMATION\" \/>\n\t<\/p>\n<\/div>\n<p><script>\ndocument.addEventListener( 'wpcf7mailsent', function( event ) {\n location = '\/gracias-por-el-mensaje\/';\n}, false );\n<\/script>\n<\/p><p style=\"display: none !important;\" class=\"akismet-fields-container\" data-prefix=\"_wpcf7_ak_\"><label>&#916;<textarea name=\"_wpcf7_ak_hp_textarea\" cols=\"45\" rows=\"8\" maxlength=\"100\"><\/textarea><\/label><input type=\"hidden\" id=\"ak_js_1\" name=\"_wpcf7_ak_js\" value=\"115\"\/><script>document.getElementById( \"ak_js_1\" ).setAttribute( \"value\", ( new Date() ).getTime() );<\/script><\/p><div class=\"wpcf7-response-output\" aria-hidden=\"true\"><\/div>\n<\/form>\n<\/div>\n[\/vc_column][\/vc_row]<\/p>\n<\/div>","protected":false},"excerpt":{"rendered":"<p>[vc_row full_width=&#8221;stretch_row&#8221; equal_height=&#8221;yes&#8221;][vc_column offset=&#8221;vc_col-lg-6 vc_col-md-6&#8243;][vc_column_text]Obstruction of the nasolacrimal duct (commonly called &#8220;Rija&#8221;) is a very frequent cause of tearing. In addition to tearing, it also often leads to recurrent conjunctivitis, as the lacrimal sac acts as a reservoir for bacteria. Sometimes the lacrimal sac can dilate and produce a lump on the inner canthus, which,&hellip;<\/p>\n","protected":false},"author":1,"featured_media":0,"parent":3394,"menu_order":0,"comment_status":"closed","ping_status":"closed","template":"","meta":{"footnotes":""},"class_list":["post-3406","page","type-page","status-publish","hentry","description-off"],"yoast_head":"<!-- This site is optimized with the Yoast SEO plugin v26.9 - https:\/\/yoast.com\/product\/yoast-seo-wordpress\/ -->\n<title>Obstruction in Adults - Dr. Marco Sales<\/title>\n<meta name=\"description\" content=\"La obstrucci\u00f3n en adultos es la obstrucci\u00f3n de las v\u00edas lagrimales, causando s\u00edntomas como lagrimeo constante que necesita tratamiento.\" \/>\n<meta name=\"robots\" content=\"index, follow, max-snippet:-1, max-image-preview:large, max-video-preview:-1\" \/>\n<link rel=\"canonical\" href=\"https:\/\/doctormarcosales.com\/en\/specialties\/obstruction-in-adults\/\" \/>\n<meta property=\"og:locale\" content=\"en_US\" \/>\n<meta property=\"og:type\" content=\"article\" \/>\n<meta property=\"og:title\" content=\"Obstruction in Adults - Dr. Marco Sales\" \/>\n<meta property=\"og:description\" content=\"La obstrucci\u00f3n en adultos es la obstrucci\u00f3n de las v\u00edas lagrimales, causando s\u00edntomas como lagrimeo constante que necesita tratamiento.\" \/>\n<meta property=\"og:url\" content=\"https:\/\/doctormarcosales.com\/en\/specialties\/obstruction-in-adults\/\" \/>\n<meta property=\"og:site_name\" content=\"Dr. Marco Sales\" \/>\n<meta property=\"article:modified_time\" content=\"2024-02-22T10:06:22+00:00\" \/>\n<meta name=\"twitter:card\" content=\"summary_large_image\" \/>\n<meta name=\"twitter:label1\" content=\"Est. reading time\" \/>\n\t<meta name=\"twitter:data1\" content=\"3 minutes\" \/>\n<script type=\"application\/ld+json\" class=\"yoast-schema-graph\">{\"@context\":\"https:\/\/schema.org\",\"@graph\":[{\"@type\":\"WebPage\",\"@id\":\"https:\/\/doctormarcosales.com\/en\/specialties\/obstruction-in-adults\/\",\"url\":\"https:\/\/doctormarcosales.com\/en\/specialties\/obstruction-in-adults\/\",\"name\":\"Obstruction in Adults - Dr. Marco Sales\",\"isPartOf\":{\"@id\":\"https:\/\/doctormarcosales.com\/#website\"},\"datePublished\":\"2023-02-10T15:00:07+00:00\",\"dateModified\":\"2024-02-22T10:06:22+00:00\",\"description\":\"La obstrucci\u00f3n en adultos es la obstrucci\u00f3n de las v\u00edas lagrimales, causando s\u00edntomas como lagrimeo constante que necesita tratamiento.\",\"breadcrumb\":{\"@id\":\"https:\/\/doctormarcosales.com\/en\/specialties\/obstruction-in-adults\/#breadcrumb\"},\"inLanguage\":\"en-US\",\"potentialAction\":[{\"@type\":\"ReadAction\",\"target\":[\"https:\/\/doctormarcosales.com\/en\/specialties\/obstruction-in-adults\/\"]}]},{\"@type\":\"BreadcrumbList\",\"@id\":\"https:\/\/doctormarcosales.com\/en\/specialties\/obstruction-in-adults\/#breadcrumb\",\"itemListElement\":[{\"@type\":\"ListItem\",\"position\":1,\"name\":\"Portada\",\"item\":\"https:\/\/doctormarcosales.com\/en\/\"},{\"@type\":\"ListItem\",\"position\":2,\"name\":\"Specialties\",\"item\":\"https:\/\/doctormarcosales.com\/en\/specialties\/\"},{\"@type\":\"ListItem\",\"position\":3,\"name\":\"Obstruction in Adults\"}]},{\"@type\":\"WebSite\",\"@id\":\"https:\/\/doctormarcosales.com\/#website\",\"url\":\"https:\/\/doctormarcosales.com\/\",\"name\":\"Dr. Marco Sales\",\"description\":\"M\u00e9dico oftalm\u00f3logo especializado en Blefaroplastia\",\"potentialAction\":[{\"@type\":\"SearchAction\",\"target\":{\"@type\":\"EntryPoint\",\"urlTemplate\":\"https:\/\/doctormarcosales.com\/?s={search_term_string}\"},\"query-input\":{\"@type\":\"PropertyValueSpecification\",\"valueRequired\":true,\"valueName\":\"search_term_string\"}}],\"inLanguage\":\"en-US\"}]}<\/script>\n<!-- \/ Yoast SEO plugin. -->","yoast_head_json":{"title":"Obstruction in Adults - Dr. Marco Sales","description":"La obstrucci\u00f3n en adultos es la obstrucci\u00f3n de las v\u00edas lagrimales, causando s\u00edntomas como lagrimeo constante que necesita tratamiento.","robots":{"index":"index","follow":"follow","max-snippet":"max-snippet:-1","max-image-preview":"max-image-preview:large","max-video-preview":"max-video-preview:-1"},"canonical":"https:\/\/doctormarcosales.com\/en\/specialties\/obstruction-in-adults\/","og_locale":"en_US","og_type":"article","og_title":"Obstruction in Adults - Dr. Marco Sales","og_description":"La obstrucci\u00f3n en adultos es la obstrucci\u00f3n de las v\u00edas lagrimales, causando s\u00edntomas como lagrimeo constante que necesita tratamiento.","og_url":"https:\/\/doctormarcosales.com\/en\/specialties\/obstruction-in-adults\/","og_site_name":"Dr. Marco Sales","article_modified_time":"2024-02-22T10:06:22+00:00","twitter_card":"summary_large_image","twitter_misc":{"Est. reading time":"3 minutes"},"schema":{"@context":"https:\/\/schema.org","@graph":[{"@type":"WebPage","@id":"https:\/\/doctormarcosales.com\/en\/specialties\/obstruction-in-adults\/","url":"https:\/\/doctormarcosales.com\/en\/specialties\/obstruction-in-adults\/","name":"Obstruction in Adults - Dr. Marco Sales","isPartOf":{"@id":"https:\/\/doctormarcosales.com\/#website"},"datePublished":"2023-02-10T15:00:07+00:00","dateModified":"2024-02-22T10:06:22+00:00","description":"La obstrucci\u00f3n en adultos es la obstrucci\u00f3n de las v\u00edas lagrimales, causando s\u00edntomas como lagrimeo constante que necesita tratamiento.","breadcrumb":{"@id":"https:\/\/doctormarcosales.com\/en\/specialties\/obstruction-in-adults\/#breadcrumb"},"inLanguage":"en-US","potentialAction":[{"@type":"ReadAction","target":["https:\/\/doctormarcosales.com\/en\/specialties\/obstruction-in-adults\/"]}]},{"@type":"BreadcrumbList","@id":"https:\/\/doctormarcosales.com\/en\/specialties\/obstruction-in-adults\/#breadcrumb","itemListElement":[{"@type":"ListItem","position":1,"name":"Portada","item":"https:\/\/doctormarcosales.com\/en\/"},{"@type":"ListItem","position":2,"name":"Specialties","item":"https:\/\/doctormarcosales.com\/en\/specialties\/"},{"@type":"ListItem","position":3,"name":"Obstruction in Adults"}]},{"@type":"WebSite","@id":"https:\/\/doctormarcosales.com\/#website","url":"https:\/\/doctormarcosales.com\/","name":"Dr. Marco Sales","description":"M\u00e9dico oftalm\u00f3logo especializado en Blefaroplastia","potentialAction":[{"@type":"SearchAction","target":{"@type":"EntryPoint","urlTemplate":"https:\/\/doctormarcosales.com\/?s={search_term_string}"},"query-input":{"@type":"PropertyValueSpecification","valueRequired":true,"valueName":"search_term_string"}}],"inLanguage":"en-US"}]}},"_links":{"self":[{"href":"https:\/\/doctormarcosales.com\/en\/wp-json\/wp\/v2\/pages\/3406","targetHints":{"allow":["GET"]}}],"collection":[{"href":"https:\/\/doctormarcosales.com\/en\/wp-json\/wp\/v2\/pages"}],"about":[{"href":"https:\/\/doctormarcosales.com\/en\/wp-json\/wp\/v2\/types\/page"}],"author":[{"embeddable":true,"href":"https:\/\/doctormarcosales.com\/en\/wp-json\/wp\/v2\/users\/1"}],"replies":[{"embeddable":true,"href":"https:\/\/doctormarcosales.com\/en\/wp-json\/wp\/v2\/comments?post=3406"}],"version-history":[{"count":5,"href":"https:\/\/doctormarcosales.com\/en\/wp-json\/wp\/v2\/pages\/3406\/revisions"}],"predecessor-version":[{"id":4834,"href":"https:\/\/doctormarcosales.com\/en\/wp-json\/wp\/v2\/pages\/3406\/revisions\/4834"}],"up":[{"embeddable":true,"href":"https:\/\/doctormarcosales.com\/en\/wp-json\/wp\/v2\/pages\/3394"}],"wp:attachment":[{"href":"https:\/\/doctormarcosales.com\/en\/wp-json\/wp\/v2\/media?parent=3406"}],"curies":[{"name":"wp","href":"https:\/\/api.w.org\/{rel}","templated":true}]}}