{"id":3404,"date":"2023-02-09T15:08:50","date_gmt":"2023-02-09T15:08:50","guid":{"rendered":"https:\/\/doctormarcosales.com\/especialidades\/lagrimeo\/"},"modified":"2024-02-22T10:04:59","modified_gmt":"2024-02-22T10:04:59","slug":"tearing","status":"publish","type":"page","link":"https:\/\/doctormarcosales.com\/en\/specialties\/tearing\/","title":{"rendered":"Tearing"},"content":{"rendered":"<div class=\"wpb-content-wrapper\"><p>[vc_row full_width=&#8221;stretch_row&#8221; equal_height=&#8221;yes&#8221;][vc_column offset=&#8221;vc_col-lg-6 vc_col-md-6&#8243;][vc_column_text]Tearing is a very common problem in the population, and although it is not serious, it is very annoying. Apart from the discomfort of having to dry your eyes with a handkerchief, which can hinder many social activities, continuous tearing often causes irritation of the skin where the tears fall, generally caused by continuous drying. It can also partially impair vision, since normal vision requires a homogeneous tear. When there is an excess of tears in the eye, there is an alteration in vision, which is usually very variable, and typically affects reading more.<\/p>\n<p>Tearing is an annoying and very common problem that almost always has a solution, which is why it is very important to have it assessed by a specialist who can offer the most appropriate solution.<\/p>\n<p>Why can the eye cry?<\/p>\n<p>The production and elimination of tears in the eye is similar to a sink. The eye may cry because of excess tear production (too much water coming out of the tap) or because the tear that is produced is not eliminated properly (having some alteration that makes it difficult for the water to reach the pipes or blocked pipes).[\/vc_column_text][vc_tta_accordion shape=&#8221;square&#8221; c_position=&#8221;right&#8221; active_section=&#8221;1&#8243; no_fill=&#8221;true&#8221; collapsible_all=&#8221;true&#8221;][vc_tta_section title=&#8221;Excess production&#8221; tab_id=&#8221;1668689690300-f3ba20b3-d409&#8243;][vc_column_text]Excess production can be due to anything that irritates the eye (irritative tearing) such as something getting into the eye, conjunctivitis or dry eye in its initial stages, in which the basal tearing at rest is not sufficient and triggers an ineffective reflex tearing that makes the eye water. Treatment consists of removing the cause of the irritation and, if this is not possible, moisturising the eye well with artificial tears to try to reduce the reflex tearing.[\/vc_column_text][\/vc_tta_section][vc_tta_section title=&#8221;Alteration in elimination&#8221; tab_id=&#8221;1675851460013-511a3805-d8bf&#8221;][vc_column_text]It can be mainly attributed to three major mechanisms:<\/p>\n<ol>\n<li><strong>Impaired entry of tears into the lacrimal duct (the drainage system):<\/strong> This can result from the displacement of the lacrimal punctum (the entry point) from its normal position, as seen in ectropion, or its partial or complete closure or blockage, as in lacrimal punctum stenosis. The treatment involves repositioning the lacrimal punctum to its original location and ensuring an appropriate size.<\/li>\n<li><strong>Altered blinking mechanism:<\/strong> Blinking serves as a mechanism that propels tears into the lacrimal duct (acting like a pump that sucks in tears). This mechanism may be disrupted in conditions such as facial paralysis or due to excessively lax eyelids that compromise the effectiveness of this pumping mechanism. Treatment typically involves tightening the eyelids to restore strength to the pumping mechanism.<\/li>\n<li><strong>Closure of the lacrimal duct (the drainage system):<\/strong> The lacrimal ducts can be partially or completely closed. The treatment often involves creating a new connection between the lacrimal duct and the nose to restore proper drainage.<\/li>\n<\/ol>\n<p>[\/vc_column_text][\/vc_tta_section][\/vc_tta_accordion][vc_column_text css=&#8221;.vc_custom_1695736456969{margin-top: 20px !important;}&#8221;]The causes of lacrimation are different in children and adults, and their treatment is therefore also different. In children, the most common cause is congenital (from birth) obstruction of the tear duct. Treatment, when necessary, is usually by catheterisation.[\/vc_column_text][\/vc_column][vc_column offset=&#8221;vc_col-lg-6 vc_col-md-6&#8243; css=&#8221;.vc_custom_1634645121029{padding-bottom: 60px !important;}&#8221;][vc_single_image image=&#8221;2304&#8243; img_size=&#8221;full&#8221; alignment=&#8221;center&#8221;][vc_single_image image=&#8221;2307&#8243; img_size=&#8221;full&#8221; alignment=&#8221;center&#8221;][vc_single_image image=&#8221;2306&#8243; img_size=&#8221;full&#8221; alignment=&#8221;center&#8221;][\/vc_column][\/vc_row][vc_row full_width=&#8221;stretch_row&#8221; gap=&#8221;35&#8243; css=&#8221;.vc_custom_1677601023380{margin-top: 40px !important;margin-bottom: -80px !important;padding-top: 40px !important;padding-bottom: 40px !important;background-color: #ebe7e4 !important;}&#8221;][vc_column]<div id=\"ultimate-heading-142969d392b3a5479\" class=\"uvc-heading ult-adjust-bottom-margin ultimate-heading-142969d392b3a5479 uvc-9223 accent-border-color\" data-hspacer=\"no_spacer\"  data-halign=\"center\" style=\"text-align:center\"><div class=\"uvc-heading-spacer no_spacer\" style=\"top\"><\/div><div class=\"uvc-main-heading ult-responsive\"  data-ultimate-target='.uvc-heading.ultimate-heading-142969d392b3a5479 h2'  data-responsive-json-new='{\"font-size\":\"desktop:38px;\",\"line-height\":\"desktop:48px;\"}' ><h2 style=\"--font-weight:theme;margin-bottom:10px;\">CONTACT US<\/h2><\/div><\/div>[\/vc_column][vc_column width=&#8221;1\/2&#8243;][vc_column_text]<iframe loading=\"lazy\" style=\"border: 0;\" src=\"https:\/\/www.google.com\/maps\/embed?pb=!1m18!1m12!1m3!1d3034.5391623156524!2d-3.7207495840544698!3d40.4854590793572!2m3!1f0!2f0!3f0!3m2!1i1024!2i768!4f13.1!3m3!1m2!1s0xd42298ddaac29b9%3A0xfca42f46f41ac8c9!2sC.%20del%20Valle%20de%20Pinares%20Llanos%2C%203%2C%2028035%20Madrid!5e0!3m2!1ses!2ses!4v1675767263645!5m2!1ses!2ses\" width=\"600\" height=\"450\" allowfullscreen=\"allowfullscreen\"><\/iframe>[\/vc_column_text][vc_column_text]<strong>IMO Grupo Miranza Madrid<\/strong><\/p>\n<p>C\/ del Valle Pinares Llanos, 3, 28305 Madrid<\/p>\n<p>910 783 783[\/vc_column_text][\/vc_column][vc_column width=&#8221;1\/2&#8243; css=&#8221;.vc_custom_1677598913734{padding-right: 50px !important;padding-left: 50px !important;}&#8221;]\n<div class=\"wpcf7 no-js\" id=\"wpcf7-f3452-o1\" lang=\"es-ES\" dir=\"ltr\" data-wpcf7-id=\"3452\">\n<div class=\"screen-reader-response\"><p role=\"status\" aria-live=\"polite\" aria-atomic=\"true\"><\/p> <ul><\/ul><\/div>\n<form action=\"\/en\/wp-json\/wp\/v2\/pages\/3404#wpcf7-f3452-o1\" method=\"post\" class=\"wpcf7-form init\" aria-label=\"Formulario de contacto\" novalidate=\"novalidate\" data-status=\"init\">\n<fieldset class=\"hidden-fields-container\"><input type=\"hidden\" name=\"_wpcf7\" value=\"3452\" \/><input type=\"hidden\" name=\"_wpcf7_version\" value=\"6.1.5\" \/><input type=\"hidden\" name=\"_wpcf7_locale\" value=\"es_ES\" \/><input type=\"hidden\" name=\"_wpcf7_unit_tag\" value=\"wpcf7-f3452-o1\" \/><input type=\"hidden\" name=\"_wpcf7_container_post\" value=\"0\" \/><input type=\"hidden\" name=\"_wpcf7_posted_data_hash\" value=\"\" \/>\n<\/fieldset>\n<h2 style=\"text-align: center;\", font-weight: bold;>MAKE AN APPOINTMENT NOW!\n<\/h2>\n<p><span class=\"wpcf7-form-control-wrap\" data-name=\"your-name\"><input size=\"40\" maxlength=\"400\" class=\"wpcf7-form-control wpcf7-text wpcf7-validates-as-required\" aria-required=\"true\" aria-invalid=\"false\" placeholder=\"Name*\" value=\"\" type=\"text\" name=\"your-name\" \/><\/span><br \/>\n<span class=\"wpcf7-form-control-wrap\" data-name=\"your-email\"><input size=\"40\" maxlength=\"400\" class=\"wpcf7-form-control wpcf7-email wpcf7-validates-as-required wpcf7-text wpcf7-validates-as-email\" aria-required=\"true\" aria-invalid=\"false\" placeholder=\"E-mail*\" value=\"\" type=\"email\" name=\"your-email\" \/><\/span><br \/>\n<span class=\"wpcf7-form-control-wrap\" data-name=\"your-subject\"><input size=\"40\" maxlength=\"400\" class=\"wpcf7-form-control wpcf7-text wpcf7-validates-as-required\" aria-required=\"true\" aria-invalid=\"false\" placeholder=\"Phone number*\" value=\"\" type=\"text\" name=\"your-subject\" \/><\/span><br \/>\n<span class=\"wpcf7-form-control-wrap\" data-name=\"your-message\"><textarea cols=\"40\" rows=\"3\" maxlength=\"2000\" class=\"wpcf7-form-control wpcf7-textarea wpcf7-validates-as-required\" aria-required=\"true\" aria-invalid=\"false\" placeholder=\"Reason for appointment\" name=\"your-message\"><\/textarea><\/span>\n<\/p>\n<p><span class=\"wpcf7-form-control-wrap\" data-name=\"acceptance-19\"><span class=\"wpcf7-form-control wpcf7-acceptance\"><span class=\"wpcf7-list-item\"><label><input type=\"checkbox\" name=\"acceptance-19\" value=\"1\" aria-invalid=\"false\" \/><span class=\"wpcf7-list-item-label\">I consent to the processing of my data by Dr. Marco Sales for the purpose of managing the appointment request. <br>More information in our <a href=\"\/politica-de-privacidad\/\" target=\"_blank\" text-style: bold\">Privacy Policy <\/a><\/span><\/label><\/span><\/span><\/span>\n<\/p>\n<p><span class=\"wpcf7-form-control-wrap\" data-name=\"checkbox-453\"><span class=\"wpcf7-form-control wpcf7-checkbox\"><span class=\"wpcf7-list-item first last\"><input type=\"checkbox\" name=\"checkbox-453[]\" value=\"I wish to receive information about news and promotions from Dr. Marco Sales\" \/><span class=\"wpcf7-list-item-label\">I wish to receive information about news and promotions from Dr. Marco Sales<\/span><\/span><\/span><\/span>\n<\/p>\n<div align=\"center\">\n\t<p><input class=\"wpcf7-form-control wpcf7-submit has-spinner\" type=\"submit\" value=\"ASK FOR MORE INFORMATION\" \/>\n\t<\/p>\n<\/div>\n<p><script>\ndocument.addEventListener( 'wpcf7mailsent', function( event ) {\n location = '\/gracias-por-el-mensaje\/';\n}, false );\n<\/script>\n<\/p><p style=\"display: none !important;\" class=\"akismet-fields-container\" data-prefix=\"_wpcf7_ak_\"><label>&#916;<textarea name=\"_wpcf7_ak_hp_textarea\" cols=\"45\" rows=\"8\" maxlength=\"100\"><\/textarea><\/label><input type=\"hidden\" id=\"ak_js_1\" name=\"_wpcf7_ak_js\" value=\"163\"\/><script>document.getElementById( \"ak_js_1\" ).setAttribute( \"value\", ( new Date() ).getTime() );<\/script><\/p><div class=\"wpcf7-response-output\" aria-hidden=\"true\"><\/div>\n<\/form>\n<\/div>\n[\/vc_column][\/vc_row]<\/p>\n<\/div>","protected":false},"excerpt":{"rendered":"<p>[vc_row full_width=&#8221;stretch_row&#8221; equal_height=&#8221;yes&#8221;][vc_column offset=&#8221;vc_col-lg-6 vc_col-md-6&#8243;][vc_column_text]Tearing is a very common problem in the population, and although it is not serious, it is very annoying. Apart from the discomfort of having to dry your eyes with a handkerchief, which can hinder many social activities, continuous tearing often causes irritation of the skin where the tears fall, generally&hellip;<\/p>\n","protected":false},"author":1,"featured_media":0,"parent":3394,"menu_order":0,"comment_status":"closed","ping_status":"closed","template":"","meta":{"footnotes":""},"class_list":["post-3404","page","type-page","status-publish","hentry","description-off"],"yoast_head":"<!-- This site is optimized with the Yoast SEO plugin v26.9 - https:\/\/yoast.com\/product\/yoast-seo-wordpress\/ -->\n<title>Tearing - Dr. Marco Sales<\/title>\n<meta name=\"description\" content=\"El lagrimeo es la producci\u00f3n excesiva de l\u00e1grimas, a menudo causada por irritaci\u00f3n ocular o problemas de drenaje.\" \/>\n<meta name=\"robots\" content=\"index, follow, max-snippet:-1, max-image-preview:large, max-video-preview:-1\" \/>\n<link rel=\"canonical\" href=\"https:\/\/doctormarcosales.com\/en\/specialties\/tearing\/\" \/>\n<meta property=\"og:locale\" content=\"en_US\" \/>\n<meta property=\"og:type\" content=\"article\" \/>\n<meta property=\"og:title\" content=\"Tearing - Dr. Marco Sales\" \/>\n<meta property=\"og:description\" content=\"El lagrimeo es la producci\u00f3n excesiva de l\u00e1grimas, a menudo causada por irritaci\u00f3n ocular o problemas de drenaje.\" \/>\n<meta property=\"og:url\" content=\"https:\/\/doctormarcosales.com\/en\/specialties\/tearing\/\" \/>\n<meta property=\"og:site_name\" content=\"Dr. Marco Sales\" \/>\n<meta property=\"article:modified_time\" content=\"2024-02-22T10:04:59+00:00\" \/>\n<meta name=\"twitter:card\" content=\"summary_large_image\" \/>\n<meta name=\"twitter:label1\" content=\"Est. reading time\" \/>\n\t<meta name=\"twitter:data1\" content=\"3 minutes\" \/>\n<script type=\"application\/ld+json\" class=\"yoast-schema-graph\">{\"@context\":\"https:\/\/schema.org\",\"@graph\":[{\"@type\":\"WebPage\",\"@id\":\"https:\/\/doctormarcosales.com\/en\/specialties\/tearing\/\",\"url\":\"https:\/\/doctormarcosales.com\/en\/specialties\/tearing\/\",\"name\":\"Tearing - Dr. Marco Sales\",\"isPartOf\":{\"@id\":\"https:\/\/doctormarcosales.com\/#website\"},\"datePublished\":\"2023-02-09T15:08:50+00:00\",\"dateModified\":\"2024-02-22T10:04:59+00:00\",\"description\":\"El lagrimeo es la producci\u00f3n excesiva de l\u00e1grimas, a menudo causada por irritaci\u00f3n ocular o problemas de drenaje.\",\"breadcrumb\":{\"@id\":\"https:\/\/doctormarcosales.com\/en\/specialties\/tearing\/#breadcrumb\"},\"inLanguage\":\"en-US\",\"potentialAction\":[{\"@type\":\"ReadAction\",\"target\":[\"https:\/\/doctormarcosales.com\/en\/specialties\/tearing\/\"]}]},{\"@type\":\"BreadcrumbList\",\"@id\":\"https:\/\/doctormarcosales.com\/en\/specialties\/tearing\/#breadcrumb\",\"itemListElement\":[{\"@type\":\"ListItem\",\"position\":1,\"name\":\"Portada\",\"item\":\"https:\/\/doctormarcosales.com\/en\/\"},{\"@type\":\"ListItem\",\"position\":2,\"name\":\"Specialties\",\"item\":\"https:\/\/doctormarcosales.com\/en\/specialties\/\"},{\"@type\":\"ListItem\",\"position\":3,\"name\":\"Tearing\"}]},{\"@type\":\"WebSite\",\"@id\":\"https:\/\/doctormarcosales.com\/#website\",\"url\":\"https:\/\/doctormarcosales.com\/\",\"name\":\"Dr. Marco Sales\",\"description\":\"M\u00e9dico oftalm\u00f3logo especializado en Blefaroplastia\",\"potentialAction\":[{\"@type\":\"SearchAction\",\"target\":{\"@type\":\"EntryPoint\",\"urlTemplate\":\"https:\/\/doctormarcosales.com\/?s={search_term_string}\"},\"query-input\":{\"@type\":\"PropertyValueSpecification\",\"valueRequired\":true,\"valueName\":\"search_term_string\"}}],\"inLanguage\":\"en-US\"}]}<\/script>\n<!-- \/ Yoast SEO plugin. -->","yoast_head_json":{"title":"Tearing - Dr. Marco Sales","description":"El lagrimeo es la producci\u00f3n excesiva de l\u00e1grimas, a menudo causada por irritaci\u00f3n ocular o problemas de drenaje.","robots":{"index":"index","follow":"follow","max-snippet":"max-snippet:-1","max-image-preview":"max-image-preview:large","max-video-preview":"max-video-preview:-1"},"canonical":"https:\/\/doctormarcosales.com\/en\/specialties\/tearing\/","og_locale":"en_US","og_type":"article","og_title":"Tearing - Dr. Marco Sales","og_description":"El lagrimeo es la producci\u00f3n excesiva de l\u00e1grimas, a menudo causada por irritaci\u00f3n ocular o problemas de drenaje.","og_url":"https:\/\/doctormarcosales.com\/en\/specialties\/tearing\/","og_site_name":"Dr. Marco Sales","article_modified_time":"2024-02-22T10:04:59+00:00","twitter_card":"summary_large_image","twitter_misc":{"Est. reading time":"3 minutes"},"schema":{"@context":"https:\/\/schema.org","@graph":[{"@type":"WebPage","@id":"https:\/\/doctormarcosales.com\/en\/specialties\/tearing\/","url":"https:\/\/doctormarcosales.com\/en\/specialties\/tearing\/","name":"Tearing - Dr. Marco Sales","isPartOf":{"@id":"https:\/\/doctormarcosales.com\/#website"},"datePublished":"2023-02-09T15:08:50+00:00","dateModified":"2024-02-22T10:04:59+00:00","description":"El lagrimeo es la producci\u00f3n excesiva de l\u00e1grimas, a menudo causada por irritaci\u00f3n ocular o problemas de drenaje.","breadcrumb":{"@id":"https:\/\/doctormarcosales.com\/en\/specialties\/tearing\/#breadcrumb"},"inLanguage":"en-US","potentialAction":[{"@type":"ReadAction","target":["https:\/\/doctormarcosales.com\/en\/specialties\/tearing\/"]}]},{"@type":"BreadcrumbList","@id":"https:\/\/doctormarcosales.com\/en\/specialties\/tearing\/#breadcrumb","itemListElement":[{"@type":"ListItem","position":1,"name":"Portada","item":"https:\/\/doctormarcosales.com\/en\/"},{"@type":"ListItem","position":2,"name":"Specialties","item":"https:\/\/doctormarcosales.com\/en\/specialties\/"},{"@type":"ListItem","position":3,"name":"Tearing"}]},{"@type":"WebSite","@id":"https:\/\/doctormarcosales.com\/#website","url":"https:\/\/doctormarcosales.com\/","name":"Dr. Marco Sales","description":"M\u00e9dico oftalm\u00f3logo especializado en Blefaroplastia","potentialAction":[{"@type":"SearchAction","target":{"@type":"EntryPoint","urlTemplate":"https:\/\/doctormarcosales.com\/?s={search_term_string}"},"query-input":{"@type":"PropertyValueSpecification","valueRequired":true,"valueName":"search_term_string"}}],"inLanguage":"en-US"}]}},"_links":{"self":[{"href":"https:\/\/doctormarcosales.com\/en\/wp-json\/wp\/v2\/pages\/3404","targetHints":{"allow":["GET"]}}],"collection":[{"href":"https:\/\/doctormarcosales.com\/en\/wp-json\/wp\/v2\/pages"}],"about":[{"href":"https:\/\/doctormarcosales.com\/en\/wp-json\/wp\/v2\/types\/page"}],"author":[{"embeddable":true,"href":"https:\/\/doctormarcosales.com\/en\/wp-json\/wp\/v2\/users\/1"}],"replies":[{"embeddable":true,"href":"https:\/\/doctormarcosales.com\/en\/wp-json\/wp\/v2\/comments?post=3404"}],"version-history":[{"count":5,"href":"https:\/\/doctormarcosales.com\/en\/wp-json\/wp\/v2\/pages\/3404\/revisions"}],"predecessor-version":[{"id":4833,"href":"https:\/\/doctormarcosales.com\/en\/wp-json\/wp\/v2\/pages\/3404\/revisions\/4833"}],"up":[{"embeddable":true,"href":"https:\/\/doctormarcosales.com\/en\/wp-json\/wp\/v2\/pages\/3394"}],"wp:attachment":[{"href":"https:\/\/doctormarcosales.com\/en\/wp-json\/wp\/v2\/media?parent=3404"}],"curies":[{"name":"wp","href":"https:\/\/api.w.org\/{rel}","templated":true}]}}